{"id":233933,"date":"2023-03-06T07:18:05","date_gmt":"2023-03-06T06:18:05","guid":{"rendered":"https:\/\/sophro-bocage.fr\/sofrologia\/"},"modified":"2023-04-12T07:54:02","modified_gmt":"2023-04-12T06:54:02","slug":"sofrologia","status":"publish","type":"page","link":"https:\/\/sophro-bocage.fr\/it\/sofrologia\/","title":{"rendered":"Sofrologia"},"content":{"rendered":"<p>[et_pb_section fb_built=&#8221;1&#8243; _builder_version=&#8221;4.20.0&#8243; _module_preset=&#8221;default&#8221; global_colors_info=&#8221;{}&#8221; theme_builder_area=&#8221;post_content&#8221;][et_pb_row _builder_version=&#8221;4.20.0&#8243; _module_preset=&#8221;default&#8221; custom_padding=&#8221;0px|||||&#8221; global_colors_info=&#8221;{}&#8221; theme_builder_area=&#8221;post_content&#8221;][et_pb_column type=&#8221;4_4&#8243; _builder_version=&#8221;4.20.0&#8243; _module_preset=&#8221;default&#8221; global_colors_info=&#8221;{}&#8221; theme_builder_area=&#8221;post_content&#8221;][et_pb_text _builder_version=&#8221;4.20.2&#8243; _module_preset=&#8221;default&#8221; global_colors_info=&#8221;{}&#8221; theme_builder_area=&#8221;post_content&#8221;]<\/p>\n<h2 style=\"text-align: center;\"><strong>Sofrologia per cosa?<\/strong><\/h2>\n<h4 style=\"text-align: center;\"><strong>Per conoscerci meglio<\/strong><\/h4>\n<p style=\"text-align: center;\">E rivelano capacit\u00e0 insospettate che sono pepite per affrontare le difficolt\u00e0 della vita. Le pepite come l&#8217;oro sono ben nascoste nel profondo di noi stessi, bisogna scavare per trovarle.<\/p>\n<p style=\"text-align: center;\">Per esempio la gioia, la pace interiore&#8230; la tenacia&#8230; la gentilezza&#8230; una visione pi\u00f9 positiva della realt\u00e0, la capacit\u00e0 di guarire&#8230;<\/p>\n<p align=\"CENTER\"><strong><span style=\"font-size: 20px; text-align: left;\">Siamo seduti su una miniera d&#8217;oro e non lo sappiamo.<\/span><\/strong><strong><span style=\"font-size: 20px; text-align: left;\"><\/span><\/strong><\/p>\n<h4 style=\"text-align: center;\"><strong>Modulare lo stress<\/strong><\/h4>\n<p style=\"text-align: center;\">E fermare il deterioramento della salute con malattie a volte croniche<\/p>\n<p style=\"text-align: center;\">Rivelare il nostro corpo sotto una nuova luce, imparare ad ascoltarlo, a decifrare i suoi messaggi e ad agire di conseguenza (dieta, attivit\u00e0 fisica, &#8230;).<\/p>\n<ul>\n<li style=\"text-align: center;\">La sofrologia mi ha permesso di prendere il controllo della mia salute.<\/li>\n<li style=\"text-align: center;\">Mi ha aiutato a perseverare nella lotta per la salute, a superare i momenti di sconforto dovuti alla fluttuazione dei sintomi e a credere che fosse possibile, a modulare lo stress.<\/li>\n<li style=\"text-align: center;\">Poich\u00e9 la mente e il corpo sono intimamente legati e formano la nostra unit\u00e0, questo stato mentale positivo e stabile ha un impatto sullo stato del corpo.<\/li>\n<\/ul>\n<p style=\"text-align: center;\"><strong>Gli antichi non dicevano che una mente sana in un corpo sano? (formula ripresa da Pierre de Coubertin)<\/strong><\/p>\n<p align=\"CENTER\"><strong><span style=\"font-size: 20px; text-align: left;\"><\/span><\/strong><\/p>\n<p align=\"CENTER\">La sofrologia non agisce come una bacchetta magica. \u00c8 la pratica regolare secondo la nostra disponibilit\u00e0 che ci trasforma, ci permette di raggiungere i nostri obiettivi e di diventare l&#8217;essere che desideriamo essere: pi\u00f9 fiduciosi verso noi stessi e gli altri, verso il futuro nonostante tutto, pi\u00f9 benevoli, pi\u00f9 pacifici.<\/p>\n<p align=\"CENTER\">Il corpo abita tutti gli esercizi sofrologici, che ci riportano al momento presente.<\/p>\n<p align=\"CENTER\">Ci insegna anche ad ascoltare il nostro corpo, un&#8217;abilit\u00e0 preziosa nelle malattie croniche.<\/p>\n<p align=\"CENTER\">Il corpo con i suoi limiti viene percepito positivamente.<\/p>\n<p align=\"CENTER\">Nel mio caso, mi ha aiutato molto a raggiungere la remissione:<\/p>\n<ul>\n<li align=\"CENTER\">La PNL mi ha fatto diventare un attore completo della mia vita, la sofrologia mi ha permesso di continuare in questo modo e di prendere il controllo della mia salute.<\/li>\n<li align=\"CENTER\">Mi ha aiutato a perseverare nella lotta per la salute e a <b>mantenere la fiducia e la convinzione che la remissione fosse possibile<\/b>, mi ha aiutato a mantenere la rotta nonostante le difficolt\u00e0 incontrate, a modulare lo stress e a non perdere il controllo.<\/li>\n<li align=\"CENTER\">Poich\u00e9 la mente e il corpo sono intimamente legati e formano la nostra unit\u00e0, questo stato mentale positivo e stabile ha un impatto sullo stato del corpo.<\/li>\n<\/ul>\n<p align=\"CENTER\"><strong>Gli antichi non dicevano che una mente sana in un corpo sano?<\/strong><\/p>\n<p align=\"CENTER\"><em>(formula ripresa da Pierre de Coubertin)<\/em><\/p>\n<p align=\"CENTER\"><em><\/em><\/p>\n<h4 style=\"text-align: center;\"><strong>Per tornare a dormire bene<\/strong><\/h4>\n<h4 style=\"text-align: center;\"><strong>Per smussare le montagne russe emotive<\/strong><\/h4>\n<p>[\/et_pb_text][\/et_pb_column][\/et_pb_row][et_pb_row _builder_version=&#8221;4.20.2&#8243; _module_preset=&#8221;default&#8221; global_colors_info=&#8221;{}&#8221; theme_builder_area=&#8221;post_content&#8221;][et_pb_column type=&#8221;4_4&#8243; _builder_version=&#8221;4.20.2&#8243; _module_preset=&#8221;default&#8221; global_colors_info=&#8221;{}&#8221; theme_builder_area=&#8221;post_content&#8221;][et_pb_text _builder_version=&#8221;4.20.2&#8243; _module_preset=&#8221;default&#8221; global_colors_info=&#8221;{}&#8221; theme_builder_area=&#8221;post_content&#8221;]<\/p>\n<h2 style=\"text-align: center;\"><strong>Che cos&#8217;\u00e8 la sofrologia?<\/strong><\/h2>\n<p style=\"text-align: center;\">\u00c8 un metodo progressivo di allenamento del corpo e della mente. Il corpo \u00e8 sempre presente negli esercizi sofrologici.<\/p>\n<p style=\"text-align: center;\">Creato dallo psichiatra A Caycedo all&#8217;inizio degli anni Sessanta.<\/p>\n<p style=\"text-align: center;\">Foto di persone che si esercitano a stare sedute in posizione eretta e sdraiate con gli occhi chiusi<\/p>\n<h3 style=\"text-align: center;\"><strong>Come funziona la sofrologia?<\/strong><\/h3>\n<p style=\"text-align: center;\">La sofrologia non agisce come una bacchetta magica. \u00c8 la pratica regolare secondo la vostra disponibilit\u00e0 che vi trasforma, vi permette di raggiungere i vostri obiettivi e di diventare, a poco a poco, l&#8217;essere che desiderate essere: pi\u00f9 fiduciosi verso voi stessi e gli altri, verso il futuro nonostante tutto, pi\u00f9 benevoli, pi\u00f9 pacifici&#8230;<\/p>\n<p style=\"text-align: center;\">La sofrologia prevede tecniche che durano da pochi minuti a un&#8217;ora.<\/p>\n<ul>\n<li style=\"text-align: center;\">corpi dinamici (con movimenti)<\/li>\n<li style=\"text-align: center;\">respirazione<\/li>\n<li style=\"text-align: center;\">rilassamento<\/li>\n<li style=\"text-align: center;\">visualizzazione<\/li>\n<\/ul>\n<p style=\"text-align: center;\">Sta a voi scegliere quelli che vi fanno particolarmente bene tra quelli proposti dal sofrologo.<\/p>\n<h3 style=\"text-align: center;\"><strong>Perch\u00e9 non inizi tu?<\/strong><\/h3>\n<p style=\"text-align: center;\">da sessioni individuali di un&#8217;ora o un&#8217;ora e mezza in 3 fasi:<\/p>\n<ul>\n<li style=\"text-align: center;\">Ascolto professionale, non giudicante e attento. Infatti, l&#8217;esperienza con i suoi problemi \u00e8 specifica per ogni persona).<\/li>\n<li style=\"text-align: center;\">Proposta e pratica di tecniche adattate<\/li>\n<li style=\"text-align: center;\">Valutazione e proseguimento, scambi sulle modalit\u00e0 di pratica a casa (invio della tecnica registrata e\/o della scheda descrittiva su carta).<\/li>\n<\/ul>\n<p>[\/et_pb_text][\/et_pb_column][\/et_pb_row][\/et_pb_section][et_pb_section fb_built=&#8221;1&#8243; admin_label=&#8221;Free Coaching Resources&#8221; _builder_version=&#8221;4.20.0&#8243; background_color=&#8221;rgba(242,242,242,0.37)&#8221; background_color_gradient_direction=&#8221;5deg&#8221; custom_padding=&#8221;30px|0px|0|0px|false|false&#8221; bottom_divider_color=&#8221;#B6A48D&#8221; bottom_divider_height=&#8221;484px&#8221; bottom_divider_flip=&#8221;horizontal&#8221; global_module=&#8221;231611&#8243; saved_tabs=&#8221;all&#8221; global_colors_info=&#8221;{%22gcid-7d181664-2bfd-4f66-92f9-bd3ecd0569aa%22:%91%22bottom_divider_color%22%93}&#8221; theme_builder_area=&#8221;post_content&#8221;][et_pb_row _builder_version=&#8221;4.19.0&#8243; global_colors_info=&#8221;{}&#8221; theme_builder_area=&#8221;post_content&#8221;][et_pb_column type=&#8221;4_4&#8243; _builder_version=&#8221;4.16&#8243; custom_padding=&#8221;|||&#8221; global_colors_info=&#8221;{}&#8221; custom_padding__hover=&#8221;|||&#8221; theme_builder_area=&#8221;post_content&#8221;][et_pb_text admin_label=&#8221;Title&#8221; _builder_version=&#8221;4.20.0&#8243; header_2_text_color=&#8221;#1D1D1F&#8221; header_3_text_color=&#8221;#24435E&#8221; custom_margin=&#8221;||-1px|||&#8221; global_colors_info=&#8221;{%22gcid-1e8fc188-2562-4d1d-893a-bbdce94c3ec8%22:%91%22header_3_text_color%22%93}&#8221; theme_builder_area=&#8221;post_content&#8221;]<\/p>\n<h2>I miei ultimi articoli<\/h2>\n<p>[\/et_pb_text][et_pb_divider color=&#8221;gcid-69573b12-119a-4215-b6bb-d6eb4191e686&#8243; divider_weight=&#8221;2px&#8221; _builder_version=&#8221;4.20.0&#8243; width=&#8221;130px&#8221; width_tablet=&#8221;&#8221; width_phone=&#8221;&#8221; width_last_edited=&#8221;on|desktop&#8221; custom_margin=&#8221;||0px||false|false&#8221; custom_padding=&#8221;||0px||false|false&#8221; global_colors_info=&#8221;{%22gcid-69573b12-119a-4215-b6bb-d6eb4191e686%22:%91%22color%22%93}&#8221; theme_builder_area=&#8221;post_content&#8221;][\/et_pb_divider][et_pb_blog fullwidth=&#8221;off&#8221; posts_number=&#8221;3&#8243; include_categories=&#8221;all&#8221; meta_date=&#8221;j F Y&#8221; excerpt_length=&#8221;200&#8243; show_author=&#8221;off&#8221; show_categories=&#8221;off&#8221; show_pagination=&#8221;off&#8221; masonry_tile_background_color=&#8221;#ffffff&#8221; _builder_version=&#8221;4.20.0&#8243; header_level=&#8221;h5&#8243; header_font=&#8221;||||||||&#8221; header_text_color=&#8221;gcid-a0fc7e00-7cf9-4645-9a9d-3cdeb0bf36eb&#8221; header_font_size=&#8221;26px&#8221; header_line_height=&#8221;1.4em&#8221; body_font=&#8221;||||||||&#8221; meta_font=&#8221;||||||||&#8221; meta_text_color=&#8221;gcid-99880e86-555a-4ebb-aa2c-8f77aa229237&#8243; pagination_font=&#8221;Montserrat|||||on|||&#8221; pagination_text_color=&#8221;#7f8dff&#8221; pagination_font_size=&#8221;19px&#8221; custom_margin=&#8221;41px|||||&#8221; border_radii=&#8221;on|10px|10px|10px|10px&#8221; border_width_all=&#8221;0px&#8221; border_color_bottom_image=&#8221;#89A53D&#8221; box_shadow_style=&#8221;preset3&#8243; box_shadow_color=&#8221;rgba(0,0,0,0.37)&#8221; global_colors_info=&#8221;{%22gcid-b16e5b9b-902b-4fcb-8279-78fa0196b5ae%22:%91%22border_color_bottom_image%22%93,%22gcid-a0fc7e00-7cf9-4645-9a9d-3cdeb0bf36eb%22:%91%22header_text_color%22%93,%22gcid-99880e86-555a-4ebb-aa2c-8f77aa229237%22:%91%22meta_text_color%22%93}&#8221; theme_builder_area=&#8221;post_content&#8221;][\/et_pb_blog][\/et_pb_column][\/et_pb_row][\/et_pb_section]<\/p>\n","protected":false},"excerpt":{"rendered":"<p>Sofrologia per cosa? Per conoscerci meglio E rivelano capacit\u00e0 insospettate che sono pepite per affrontare le difficolt\u00e0 della vita. Le pepite come l&#8217;oro sono ben nascoste nel profondo di noi stessi, bisogna scavare per trovarle. Per esempio la gioia, la pace interiore&#8230; la tenacia&#8230; la gentilezza&#8230; una visione pi\u00f9 positiva della realt\u00e0, la capacit\u00e0 di [&hellip;]<\/p>\n","protected":false},"author":1,"featured_media":233904,"parent":0,"menu_order":0,"comment_status":"closed","ping_status":"closed","template":"","meta":{"_et_pb_use_builder":"on","_et_pb_old_content":"","_et_gb_content_width":"","footnotes":""},"class_list":["post-233933","page","type-page","status-publish","has-post-thumbnail","hentry"],"yoast_head":"<!-- This site is optimized with the Yoast SEO plugin v27.4 - https:\/\/yoast.com\/product\/yoast-seo-wordpress\/ -->\n<title>Sofrologia - Anne Boulon Lef\u00e8vre<\/title>\n<meta name=\"robots\" content=\"index, follow, max-snippet:-1, max-image-preview:large, max-video-preview:-1\" \/>\n<link rel=\"canonical\" href=\"https:\/\/sophro-bocage.fr\/it\/sofrologia\/\" \/>\n<meta property=\"og:locale\" content=\"it_IT\" \/>\n<meta property=\"og:type\" content=\"article\" \/>\n<meta property=\"og:title\" content=\"Sofrologia - Anne Boulon Lef\u00e8vre\" \/>\n<meta property=\"og:description\" content=\"Sofrologia per cosa? Per conoscerci meglio E rivelano capacit\u00e0 insospettate che sono pepite per affrontare le difficolt\u00e0 della vita. Le pepite come l&#039;oro sono ben nascoste nel profondo di noi stessi, bisogna scavare per trovarle. Per esempio la gioia, la pace interiore... la tenacia... la gentilezza... una visione pi\u00f9 positiva della realt\u00e0, la capacit\u00e0 di [&hellip;]\" \/>\n<meta property=\"og:url\" content=\"https:\/\/sophro-bocage.fr\/it\/sofrologia\/\" \/>\n<meta property=\"og:site_name\" content=\"Anne Boulon Lef\u00e8vre\" \/>\n<meta property=\"article:modified_time\" content=\"2023-04-12T06:54:02+00:00\" \/>\n<meta property=\"og:image\" content=\"https:\/\/sophro-bocage.fr\/wp-content\/uploads\/2023\/03\/sophrologie.jpg\" \/>\n\t<meta property=\"og:image:width\" content=\"1920\" \/>\n\t<meta property=\"og:image:height\" content=\"1080\" \/>\n\t<meta property=\"og:image:type\" content=\"image\/jpeg\" \/>\n<meta name=\"twitter:card\" content=\"summary_large_image\" \/>\n<meta name=\"twitter:label1\" content=\"Tempo di lettura stimato\" \/>\n\t<meta name=\"twitter:data1\" content=\"6 minuti\" \/>\n<script type=\"application\/ld+json\" class=\"yoast-schema-graph\">{\"@context\":\"https:\\\/\\\/schema.org\",\"@graph\":[{\"@type\":\"WebPage\",\"@id\":\"https:\\\/\\\/sophro-bocage.fr\\\/it\\\/sofrologia\\\/\",\"url\":\"https:\\\/\\\/sophro-bocage.fr\\\/it\\\/sofrologia\\\/\",\"name\":\"Sofrologia - Anne Boulon Lef\u00e8vre\",\"isPartOf\":{\"@id\":\"https:\\\/\\\/sophro-bocage.fr\\\/it\\\/#website\"},\"primaryImageOfPage\":{\"@id\":\"https:\\\/\\\/sophro-bocage.fr\\\/it\\\/sofrologia\\\/#primaryimage\"},\"image\":{\"@id\":\"https:\\\/\\\/sophro-bocage.fr\\\/it\\\/sofrologia\\\/#primaryimage\"},\"thumbnailUrl\":\"https:\\\/\\\/sophro-bocage.fr\\\/wp-content\\\/uploads\\\/2023\\\/03\\\/sophrologie.jpg\",\"datePublished\":\"2023-03-06T06:18:05+00:00\",\"dateModified\":\"2023-04-12T06:54:02+00:00\",\"breadcrumb\":{\"@id\":\"https:\\\/\\\/sophro-bocage.fr\\\/it\\\/sofrologia\\\/#breadcrumb\"},\"inLanguage\":\"it-IT\",\"potentialAction\":[{\"@type\":\"ReadAction\",\"target\":[\"https:\\\/\\\/sophro-bocage.fr\\\/it\\\/sofrologia\\\/\"]}]},{\"@type\":\"ImageObject\",\"inLanguage\":\"it-IT\",\"@id\":\"https:\\\/\\\/sophro-bocage.fr\\\/it\\\/sofrologia\\\/#primaryimage\",\"url\":\"https:\\\/\\\/sophro-bocage.fr\\\/wp-content\\\/uploads\\\/2023\\\/03\\\/sophrologie.jpg\",\"contentUrl\":\"https:\\\/\\\/sophro-bocage.fr\\\/wp-content\\\/uploads\\\/2023\\\/03\\\/sophrologie.jpg\",\"width\":1920,\"height\":1080},{\"@type\":\"BreadcrumbList\",\"@id\":\"https:\\\/\\\/sophro-bocage.fr\\\/it\\\/sofrologia\\\/#breadcrumb\",\"itemListElement\":[{\"@type\":\"ListItem\",\"position\":1,\"name\":\"Accueil\",\"item\":\"https:\\\/\\\/sophro-bocage.fr\\\/it\\\/\"},{\"@type\":\"ListItem\",\"position\":2,\"name\":\"Sofrologia\"}]},{\"@type\":\"WebSite\",\"@id\":\"https:\\\/\\\/sophro-bocage.fr\\\/it\\\/#website\",\"url\":\"https:\\\/\\\/sophro-bocage.fr\\\/it\\\/\",\"name\":\"Anne Boulon Lef\u00e8vre\",\"description\":\"\",\"publisher\":{\"@id\":\"https:\\\/\\\/sophro-bocage.fr\\\/it\\\/#\\\/schema\\\/person\\\/7b0aa2fcff52f47ccedc01021a9f7640\"},\"potentialAction\":[{\"@type\":\"SearchAction\",\"target\":{\"@type\":\"EntryPoint\",\"urlTemplate\":\"https:\\\/\\\/sophro-bocage.fr\\\/it\\\/?s={search_term_string}\"},\"query-input\":{\"@type\":\"PropertyValueSpecification\",\"valueRequired\":true,\"valueName\":\"search_term_string\"}}],\"inLanguage\":\"it-IT\"},{\"@type\":[\"Person\",\"Organization\"],\"@id\":\"https:\\\/\\\/sophro-bocage.fr\\\/it\\\/#\\\/schema\\\/person\\\/7b0aa2fcff52f47ccedc01021a9f7640\",\"name\":\"AnneB\",\"image\":{\"@type\":\"ImageObject\",\"inLanguage\":\"it-IT\",\"@id\":\"https:\\\/\\\/sophro-bocage.fr\\\/wp-content\\\/uploads\\\/2023\\\/03\\\/flower-fleur-2.png\",\"url\":\"https:\\\/\\\/sophro-bocage.fr\\\/wp-content\\\/uploads\\\/2023\\\/03\\\/flower-fleur-2.png\",\"contentUrl\":\"https:\\\/\\\/sophro-bocage.fr\\\/wp-content\\\/uploads\\\/2023\\\/03\\\/flower-fleur-2.png\",\"width\":500,\"height\":500,\"caption\":\"AnneB\"},\"logo\":{\"@id\":\"https:\\\/\\\/sophro-bocage.fr\\\/wp-content\\\/uploads\\\/2023\\\/03\\\/flower-fleur-2.png\"}}]}<\/script>\n<!-- \/ Yoast SEO plugin. -->","yoast_head_json":{"title":"Sofrologia - Anne Boulon Lef\u00e8vre","robots":{"index":"index","follow":"follow","max-snippet":"max-snippet:-1","max-image-preview":"max-image-preview:large","max-video-preview":"max-video-preview:-1"},"canonical":"https:\/\/sophro-bocage.fr\/it\/sofrologia\/","og_locale":"it_IT","og_type":"article","og_title":"Sofrologia - Anne Boulon Lef\u00e8vre","og_description":"Sofrologia per cosa? Per conoscerci meglio E rivelano capacit\u00e0 insospettate che sono pepite per affrontare le difficolt\u00e0 della vita. Le pepite come l'oro sono ben nascoste nel profondo di noi stessi, bisogna scavare per trovarle. Per esempio la gioia, la pace interiore... la tenacia... la gentilezza... una visione pi\u00f9 positiva della realt\u00e0, la capacit\u00e0 di [&hellip;]","og_url":"https:\/\/sophro-bocage.fr\/it\/sofrologia\/","og_site_name":"Anne Boulon Lef\u00e8vre","article_modified_time":"2023-04-12T06:54:02+00:00","og_image":[{"width":1920,"height":1080,"url":"https:\/\/sophro-bocage.fr\/wp-content\/uploads\/2023\/03\/sophrologie.jpg","type":"image\/jpeg"}],"twitter_card":"summary_large_image","twitter_misc":{"Tempo di lettura stimato":"6 minuti"},"schema":{"@context":"https:\/\/schema.org","@graph":[{"@type":"WebPage","@id":"https:\/\/sophro-bocage.fr\/it\/sofrologia\/","url":"https:\/\/sophro-bocage.fr\/it\/sofrologia\/","name":"Sofrologia - Anne Boulon Lef\u00e8vre","isPartOf":{"@id":"https:\/\/sophro-bocage.fr\/it\/#website"},"primaryImageOfPage":{"@id":"https:\/\/sophro-bocage.fr\/it\/sofrologia\/#primaryimage"},"image":{"@id":"https:\/\/sophro-bocage.fr\/it\/sofrologia\/#primaryimage"},"thumbnailUrl":"https:\/\/sophro-bocage.fr\/wp-content\/uploads\/2023\/03\/sophrologie.jpg","datePublished":"2023-03-06T06:18:05+00:00","dateModified":"2023-04-12T06:54:02+00:00","breadcrumb":{"@id":"https:\/\/sophro-bocage.fr\/it\/sofrologia\/#breadcrumb"},"inLanguage":"it-IT","potentialAction":[{"@type":"ReadAction","target":["https:\/\/sophro-bocage.fr\/it\/sofrologia\/"]}]},{"@type":"ImageObject","inLanguage":"it-IT","@id":"https:\/\/sophro-bocage.fr\/it\/sofrologia\/#primaryimage","url":"https:\/\/sophro-bocage.fr\/wp-content\/uploads\/2023\/03\/sophrologie.jpg","contentUrl":"https:\/\/sophro-bocage.fr\/wp-content\/uploads\/2023\/03\/sophrologie.jpg","width":1920,"height":1080},{"@type":"BreadcrumbList","@id":"https:\/\/sophro-bocage.fr\/it\/sofrologia\/#breadcrumb","itemListElement":[{"@type":"ListItem","position":1,"name":"Accueil","item":"https:\/\/sophro-bocage.fr\/it\/"},{"@type":"ListItem","position":2,"name":"Sofrologia"}]},{"@type":"WebSite","@id":"https:\/\/sophro-bocage.fr\/it\/#website","url":"https:\/\/sophro-bocage.fr\/it\/","name":"Anne Boulon Lef\u00e8vre","description":"","publisher":{"@id":"https:\/\/sophro-bocage.fr\/it\/#\/schema\/person\/7b0aa2fcff52f47ccedc01021a9f7640"},"potentialAction":[{"@type":"SearchAction","target":{"@type":"EntryPoint","urlTemplate":"https:\/\/sophro-bocage.fr\/it\/?s={search_term_string}"},"query-input":{"@type":"PropertyValueSpecification","valueRequired":true,"valueName":"search_term_string"}}],"inLanguage":"it-IT"},{"@type":["Person","Organization"],"@id":"https:\/\/sophro-bocage.fr\/it\/#\/schema\/person\/7b0aa2fcff52f47ccedc01021a9f7640","name":"AnneB","image":{"@type":"ImageObject","inLanguage":"it-IT","@id":"https:\/\/sophro-bocage.fr\/wp-content\/uploads\/2023\/03\/flower-fleur-2.png","url":"https:\/\/sophro-bocage.fr\/wp-content\/uploads\/2023\/03\/flower-fleur-2.png","contentUrl":"https:\/\/sophro-bocage.fr\/wp-content\/uploads\/2023\/03\/flower-fleur-2.png","width":500,"height":500,"caption":"AnneB"},"logo":{"@id":"https:\/\/sophro-bocage.fr\/wp-content\/uploads\/2023\/03\/flower-fleur-2.png"}}]}},"_links":{"self":[{"href":"https:\/\/sophro-bocage.fr\/it\/wp-json\/wp\/v2\/pages\/233933","targetHints":{"allow":["GET"]}}],"collection":[{"href":"https:\/\/sophro-bocage.fr\/it\/wp-json\/wp\/v2\/pages"}],"about":[{"href":"https:\/\/sophro-bocage.fr\/it\/wp-json\/wp\/v2\/types\/page"}],"author":[{"embeddable":true,"href":"https:\/\/sophro-bocage.fr\/it\/wp-json\/wp\/v2\/users\/1"}],"replies":[{"embeddable":true,"href":"https:\/\/sophro-bocage.fr\/it\/wp-json\/wp\/v2\/comments?post=233933"}],"version-history":[{"count":5,"href":"https:\/\/sophro-bocage.fr\/it\/wp-json\/wp\/v2\/pages\/233933\/revisions"}],"predecessor-version":[{"id":234116,"href":"https:\/\/sophro-bocage.fr\/it\/wp-json\/wp\/v2\/pages\/233933\/revisions\/234116"}],"wp:featuredmedia":[{"embeddable":true,"href":"https:\/\/sophro-bocage.fr\/it\/wp-json\/wp\/v2\/media\/233904"}],"wp:attachment":[{"href":"https:\/\/sophro-bocage.fr\/it\/wp-json\/wp\/v2\/media?parent=233933"}],"curies":[{"name":"wp","href":"https:\/\/api.w.org\/{rel}","templated":true}]}}