{"id":233931,"date":"2020-09-17T14:22:27","date_gmt":"2020-09-17T13:22:27","guid":{"rendered":"https:\/\/sophro-bocage.fr\/riprendere-sonno\/"},"modified":"2023-03-29T09:20:11","modified_gmt":"2023-03-29T08:20:11","slug":"riprendere-sonno","status":"publish","type":"page","link":"https:\/\/sophro-bocage.fr\/it\/riprendere-sonno\/","title":{"rendered":"Riprendere sonno"},"content":{"rendered":"<p>[et_pb_section fb_built=&#8221;1&#8243; admin_label=&#8221;About&#8221; _builder_version=&#8221;4.16&#8243; background_color=&#8221;#ffffff&#8221; global_colors_info=&#8221;{}&#8221; theme_builder_area=&#8221;post_content&#8221;][et_pb_row _builder_version=&#8221;4.16&#8243; max_width=&#8221;1280px&#8221; custom_padding=&#8221;0px|||||&#8221; global_colors_info=&#8221;{}&#8221; theme_builder_area=&#8221;post_content&#8221;][et_pb_column type=&#8221;4_4&#8243; _builder_version=&#8221;4.16&#8243; custom_padding=&#8221;|||&#8221; custom_padding_tablet=&#8221;|10%||10%||true&#8221; global_colors_info=&#8221;{}&#8221; padding_tablet=&#8221;|10%||10%||true&#8221; custom_padding__hover=&#8221;|||&#8221; theme_builder_area=&#8221;post_content&#8221;][et_pb_text _builder_version=&#8221;4.20.0&#8243; locked=&#8221;off&#8221; global_colors_info=&#8221;{}&#8221; theme_builder_area=&#8221;post_content&#8221;]<\/p>\n<ul>\n<li align=\"JUSTIFY\" style=\"text-align: center;\">La sera avete difficolt\u00e0 ad addormentarvi e\/o vi svegliate durante la notte.<\/li>\n<li align=\"JUSTIFY\" style=\"text-align: center;\">Al mattino ci si sveglia stanchi<\/li>\n<li align=\"JUSTIFY\" style=\"text-align: center;\">Le giornate sembrano lunghe e il carico di lavoro \u00e8 pesante.<\/li>\n<li align=\"JUSTIFY\" style=\"text-align: center;\">Nella vita di tutti i giorni, ci si sente pi\u00f9 irritabili, emotivi<\/li>\n<li align=\"JUSTIFY\" style=\"text-align: center;\">Avete difficolt\u00e0 a concentrarvi<\/li>\n<\/ul>\n<p style=\"text-align: center;\"><strong>Non pu\u00f2 andare avanti cos\u00ec!<\/strong><br \/><strong>Ne avete avuto abbastanza!<\/strong><\/p>\n<p style=\"text-align: center;\"><strong><\/strong><\/p>\n<p style=\"text-align: center;\"><strong>Immaginate che a poco a poco, con la pratica sofrologica :  <\/strong><\/p>\n<ul>\n<li style=\"text-align: center;\">le vostre difficolt\u00e0 svaniscono,<\/li>\n<li style=\"text-align: center;\">si pu\u00f2 facilmente addormentare,<\/li>\n<li style=\"text-align: center;\">l&#8217;insonnia diminuisce bruscamente e poi scompare,<\/li>\n<li style=\"text-align: center;\">trovare un sonno di qualit\u00e0&#8230;<strong><br \/><\/strong><\/li>\n<\/ul>\n<p style=\"text-align: center;\"><strong>Come ti sentiresti allora?<br \/>Sollevato? Reloaded? Pieno di energia? Riposo? Dinamico? Leggero? Contento?<\/strong><\/p>\n<p>[\/et_pb_text][\/et_pb_column][\/et_pb_row][et_pb_row column_structure=&#8221;1_2,1_2&#8243; make_equal=&#8221;on&#8221; _builder_version=&#8221;4.20.2&#8243; _module_preset=&#8221;default&#8221; global_colors_info=&#8221;{}&#8221; theme_builder_area=&#8221;post_content&#8221;][et_pb_column type=&#8221;1_2&#8243; disabled_on=&#8221;on|on|off&#8221; _builder_version=&#8221;4.20.2&#8243; _module_preset=&#8221;default&#8221; background_image=&#8221;https:\/\/sophro-bocage.fr\/wp-content\/uploads\/2023\/03\/rest-man-1600&#215;900.jpg&#8221; background_position=&#8221;top_center&#8221; custom_padding_tablet=&#8221;&#8221; custom_padding_phone=&#8221;||||false|false&#8221; custom_padding_last_edited=&#8221;on|phone&#8221; box_shadow_style=&#8221;preset2&#8243; global_colors_info=&#8221;{}&#8221; custom_css_main_element_last_edited=&#8221;on|tablet&#8221; theme_builder_area=&#8221;post_content&#8221;][\/et_pb_column][et_pb_column type=&#8221;1_2&#8243; _builder_version=&#8221;4.20.2&#8243; _module_preset=&#8221;default&#8221; background_image=&#8221;http:\/\/sophro-bocage.fr\/wp-content\/uploads\/2023\/01\/qinghill-x8MZ2MoEKLE-unsplash-768&#215;1024.jpg&#8221; custom_padding_tablet=&#8221;171px||171px||true|false&#8221; custom_padding_phone=&#8221;0px||0px||true|false&#8221; custom_padding_last_edited=&#8221;on|tablet&#8221; global_colors_info=&#8221;{}&#8221; custom_css_main_element_last_edited=&#8221;on|phone&#8221; custom_css_main_element_tablet=&#8221;margin-bottom:20px !important;&#8221; custom_css_main_element_phone=&#8221;margin-bottom:20px !important;&#8221; theme_builder_area=&#8221;post_content&#8221;][et_pb_image src=&#8221;https:\/\/sophro-bocage.fr\/wp-content\/uploads\/2023\/03\/rest-man-600&#215;338.jpg&#8221; title_text=&#8221;riposo uomo&#8221; disabled_on=&#8221;off|off|on&#8221; _builder_version=&#8221;4.20.2&#8243; _module_preset=&#8221;default&#8221; global_colors_info=&#8221;{}&#8221; theme_builder_area=&#8221;post_content&#8221;][\/et_pb_image][et_pb_text _builder_version=&#8221;4.20.0&#8243; _module_preset=&#8221;default&#8221; global_colors_info=&#8221;{}&#8221; theme_builder_area=&#8221;post_content&#8221;]<\/p>\n<h3>Cosa propongo:<\/h3>\n<p><strong>Sessioni individuali<\/strong> di un&#8217;ora o un&#8217;ora e mezza, o anche di pi\u00f9 se necessario, in 3 fasi:<\/p>\n<ul>\n<li>Ascolto professionale, non giudicante e attento (i problemi del sonno sono unici per ogni individuo)<\/li>\n<li>Spiegazione delle fasi di sonno\/veglia, proposta e pratica di tecniche adattate (in particolare respirazione e rilassamento).<\/li>\n<li>Valutazione della sessione e follow-up: scambi su sensazioni e metodi di pratica a casa (invio della tecnica registrata e\/o della scheda descrittiva su carta).<\/li>\n<\/ul>\n<p><strong>Workshop di gruppo<\/strong> su questo tema <span style=\"text-decoration: underline;\">su Zoom <\/span>e di <span style=\"text-decoration: underline;\">persona<\/span><\/p>\n<p><span style=\"text-decoration: underline;\"><\/span><\/p>\n<ul>\n<li>Il giorno e la notte formano una coppia inseparabile.<\/li>\n<li>Se quello diurno non \u00e8 contento, sveglia quello notturno.<\/li>\n<li>Per dormire bene, migliorare la serenit\u00e0 durante il giorno.<\/li>\n<\/ul>\n<p>[\/et_pb_text][\/et_pb_column][\/et_pb_row][\/et_pb_section][et_pb_section fb_built=&#8221;1&#8243; admin_label=&#8221;Free Coaching Resources&#8221; _builder_version=&#8221;4.20.0&#8243; background_color=&#8221;rgba(242,242,242,0.37)&#8221; background_color_gradient_direction=&#8221;5deg&#8221; custom_padding=&#8221;30px|0px|0|0px|false|false&#8221; bottom_divider_color=&#8221;#B6A48D&#8221; bottom_divider_height=&#8221;484px&#8221; bottom_divider_flip=&#8221;horizontal&#8221; global_module=&#8221;231611&#8243; saved_tabs=&#8221;all&#8221; global_colors_info=&#8221;{%22gcid-7d181664-2bfd-4f66-92f9-bd3ecd0569aa%22:%91%22bottom_divider_color%22%93}&#8221; theme_builder_area=&#8221;post_content&#8221;][et_pb_row _builder_version=&#8221;4.19.0&#8243; global_colors_info=&#8221;{}&#8221; theme_builder_area=&#8221;post_content&#8221;][et_pb_column type=&#8221;4_4&#8243; _builder_version=&#8221;4.16&#8243; custom_padding=&#8221;|||&#8221; global_colors_info=&#8221;{}&#8221; custom_padding__hover=&#8221;|||&#8221; theme_builder_area=&#8221;post_content&#8221;][et_pb_text admin_label=&#8221;Title&#8221; _builder_version=&#8221;4.20.0&#8243; header_2_text_color=&#8221;#1D1D1F&#8221; header_3_text_color=&#8221;#24435E&#8221; custom_margin=&#8221;||-1px|||&#8221; global_colors_info=&#8221;{%22gcid-1e8fc188-2562-4d1d-893a-bbdce94c3ec8%22:%91%22header_3_text_color%22%93}&#8221; theme_builder_area=&#8221;post_content&#8221;]<\/p>\n<h2>I miei ultimi articoli<\/h2>\n<p>[\/et_pb_text][et_pb_divider color=&#8221;gcid-69573b12-119a-4215-b6bb-d6eb4191e686&#8243; divider_weight=&#8221;2px&#8221; _builder_version=&#8221;4.20.0&#8243; width=&#8221;130px&#8221; width_tablet=&#8221;&#8221; width_phone=&#8221;&#8221; width_last_edited=&#8221;on|desktop&#8221; custom_margin=&#8221;||0px||false|false&#8221; custom_padding=&#8221;||0px||false|false&#8221; global_colors_info=&#8221;{%22gcid-69573b12-119a-4215-b6bb-d6eb4191e686%22:%91%22color%22%93}&#8221; theme_builder_area=&#8221;post_content&#8221;][\/et_pb_divider][et_pb_blog fullwidth=&#8221;off&#8221; posts_number=&#8221;3&#8243; include_categories=&#8221;all&#8221; meta_date=&#8221;j F Y&#8221; excerpt_length=&#8221;200&#8243; show_author=&#8221;off&#8221; show_categories=&#8221;off&#8221; show_pagination=&#8221;off&#8221; masonry_tile_background_color=&#8221;#ffffff&#8221; _builder_version=&#8221;4.20.0&#8243; header_level=&#8221;h5&#8243; header_font=&#8221;||||||||&#8221; header_text_color=&#8221;gcid-a0fc7e00-7cf9-4645-9a9d-3cdeb0bf36eb&#8221; header_font_size=&#8221;26px&#8221; header_line_height=&#8221;1.4em&#8221; body_font=&#8221;||||||||&#8221; meta_font=&#8221;||||||||&#8221; meta_text_color=&#8221;gcid-99880e86-555a-4ebb-aa2c-8f77aa229237&#8243; pagination_font=&#8221;Montserrat|||||on|||&#8221; pagination_text_color=&#8221;#7f8dff&#8221; pagination_font_size=&#8221;19px&#8221; custom_margin=&#8221;41px|||||&#8221; border_radii=&#8221;on|10px|10px|10px|10px&#8221; border_width_all=&#8221;0px&#8221; border_color_bottom_image=&#8221;#89A53D&#8221; box_shadow_style=&#8221;preset3&#8243; box_shadow_color=&#8221;rgba(0,0,0,0.37)&#8221; global_colors_info=&#8221;{%22gcid-b16e5b9b-902b-4fcb-8279-78fa0196b5ae%22:%91%22border_color_bottom_image%22%93,%22gcid-a0fc7e00-7cf9-4645-9a9d-3cdeb0bf36eb%22:%91%22header_text_color%22%93,%22gcid-99880e86-555a-4ebb-aa2c-8f77aa229237%22:%91%22meta_text_color%22%93}&#8221; theme_builder_area=&#8221;post_content&#8221;][\/et_pb_blog][\/et_pb_column][\/et_pb_row][\/et_pb_section]<\/p>\n","protected":false},"excerpt":{"rendered":"<p>La sera avete difficolt\u00e0 ad addormentarvi e\/o vi svegliate durante la notte. Al mattino ci si sveglia stanchi Le giornate sembrano lunghe e il carico di lavoro \u00e8 pesante. Nella vita di tutti i giorni, ci si sente pi\u00f9 irritabili, emotivi Avete difficolt\u00e0 a concentrarvi Non pu\u00f2 andare avanti cos\u00ec!Ne avete avuto abbastanza! Immaginate che [&hellip;]<\/p>\n","protected":false},"author":1,"featured_media":233891,"parent":0,"menu_order":0,"comment_status":"closed","ping_status":"closed","template":"","meta":{"_et_pb_use_builder":"on","_et_pb_old_content":"","_et_gb_content_width":"","footnotes":""},"class_list":["post-233931","page","type-page","status-publish","has-post-thumbnail","hentry"],"yoast_head":"<!-- This site is optimized with the Yoast SEO plugin v27.4 - https:\/\/yoast.com\/product\/yoast-seo-wordpress\/ -->\n<title>Riprendere sonno - Anne Boulon Lef\u00e8vre<\/title>\n<meta name=\"robots\" content=\"index, follow, max-snippet:-1, max-image-preview:large, max-video-preview:-1\" \/>\n<link rel=\"canonical\" href=\"https:\/\/sophro-bocage.fr\/it\/riprendere-sonno\/\" \/>\n<meta property=\"og:locale\" content=\"it_IT\" \/>\n<meta property=\"og:type\" content=\"article\" \/>\n<meta property=\"og:title\" content=\"Riprendere sonno - Anne Boulon Lef\u00e8vre\" \/>\n<meta property=\"og:description\" content=\"La sera avete difficolt\u00e0 ad addormentarvi e\/o vi svegliate durante la notte. Al mattino ci si sveglia stanchi Le giornate sembrano lunghe e il carico di lavoro \u00e8 pesante. Nella vita di tutti i giorni, ci si sente pi\u00f9 irritabili, emotivi Avete difficolt\u00e0 a concentrarvi Non pu\u00f2 andare avanti cos\u00ec!Ne avete avuto abbastanza! Immaginate che [&hellip;]\" \/>\n<meta property=\"og:url\" content=\"https:\/\/sophro-bocage.fr\/it\/riprendere-sonno\/\" \/>\n<meta property=\"og:site_name\" content=\"Anne Boulon Lef\u00e8vre\" \/>\n<meta property=\"article:modified_time\" content=\"2023-03-29T08:20:11+00:00\" \/>\n<meta property=\"og:image\" content=\"https:\/\/sophro-bocage.fr\/wp-content\/uploads\/2023\/03\/Fatiguee.jpg\" \/>\n\t<meta property=\"og:image:width\" content=\"1920\" \/>\n\t<meta property=\"og:image:height\" content=\"1080\" \/>\n\t<meta property=\"og:image:type\" content=\"image\/jpeg\" \/>\n<meta name=\"twitter:card\" content=\"summary_large_image\" \/>\n<meta name=\"twitter:label1\" content=\"Tempo di lettura stimato\" \/>\n\t<meta name=\"twitter:data1\" content=\"5 minuti\" \/>\n<script type=\"application\/ld+json\" class=\"yoast-schema-graph\">{\"@context\":\"https:\\\/\\\/schema.org\",\"@graph\":[{\"@type\":\"WebPage\",\"@id\":\"https:\\\/\\\/sophro-bocage.fr\\\/it\\\/riprendere-sonno\\\/\",\"url\":\"https:\\\/\\\/sophro-bocage.fr\\\/it\\\/riprendere-sonno\\\/\",\"name\":\"Riprendere sonno - Anne Boulon Lef\u00e8vre\",\"isPartOf\":{\"@id\":\"https:\\\/\\\/sophro-bocage.fr\\\/it\\\/#website\"},\"primaryImageOfPage\":{\"@id\":\"https:\\\/\\\/sophro-bocage.fr\\\/it\\\/riprendere-sonno\\\/#primaryimage\"},\"image\":{\"@id\":\"https:\\\/\\\/sophro-bocage.fr\\\/it\\\/riprendere-sonno\\\/#primaryimage\"},\"thumbnailUrl\":\"https:\\\/\\\/sophro-bocage.fr\\\/wp-content\\\/uploads\\\/2023\\\/03\\\/Fatiguee.jpg\",\"datePublished\":\"2020-09-17T13:22:27+00:00\",\"dateModified\":\"2023-03-29T08:20:11+00:00\",\"breadcrumb\":{\"@id\":\"https:\\\/\\\/sophro-bocage.fr\\\/it\\\/riprendere-sonno\\\/#breadcrumb\"},\"inLanguage\":\"it-IT\",\"potentialAction\":[{\"@type\":\"ReadAction\",\"target\":[\"https:\\\/\\\/sophro-bocage.fr\\\/it\\\/riprendere-sonno\\\/\"]}]},{\"@type\":\"ImageObject\",\"inLanguage\":\"it-IT\",\"@id\":\"https:\\\/\\\/sophro-bocage.fr\\\/it\\\/riprendere-sonno\\\/#primaryimage\",\"url\":\"https:\\\/\\\/sophro-bocage.fr\\\/wp-content\\\/uploads\\\/2023\\\/03\\\/Fatiguee.jpg\",\"contentUrl\":\"https:\\\/\\\/sophro-bocage.fr\\\/wp-content\\\/uploads\\\/2023\\\/03\\\/Fatiguee.jpg\",\"width\":1920,\"height\":1080},{\"@type\":\"BreadcrumbList\",\"@id\":\"https:\\\/\\\/sophro-bocage.fr\\\/it\\\/riprendere-sonno\\\/#breadcrumb\",\"itemListElement\":[{\"@type\":\"ListItem\",\"position\":1,\"name\":\"Accueil\",\"item\":\"https:\\\/\\\/sophro-bocage.fr\\\/it\\\/\"},{\"@type\":\"ListItem\",\"position\":2,\"name\":\"Riprendere sonno\"}]},{\"@type\":\"WebSite\",\"@id\":\"https:\\\/\\\/sophro-bocage.fr\\\/it\\\/#website\",\"url\":\"https:\\\/\\\/sophro-bocage.fr\\\/it\\\/\",\"name\":\"Anne Boulon Lef\u00e8vre\",\"description\":\"\",\"publisher\":{\"@id\":\"https:\\\/\\\/sophro-bocage.fr\\\/it\\\/#\\\/schema\\\/person\\\/7b0aa2fcff52f47ccedc01021a9f7640\"},\"potentialAction\":[{\"@type\":\"SearchAction\",\"target\":{\"@type\":\"EntryPoint\",\"urlTemplate\":\"https:\\\/\\\/sophro-bocage.fr\\\/it\\\/?s={search_term_string}\"},\"query-input\":{\"@type\":\"PropertyValueSpecification\",\"valueRequired\":true,\"valueName\":\"search_term_string\"}}],\"inLanguage\":\"it-IT\"},{\"@type\":[\"Person\",\"Organization\"],\"@id\":\"https:\\\/\\\/sophro-bocage.fr\\\/it\\\/#\\\/schema\\\/person\\\/7b0aa2fcff52f47ccedc01021a9f7640\",\"name\":\"AnneB\",\"image\":{\"@type\":\"ImageObject\",\"inLanguage\":\"it-IT\",\"@id\":\"https:\\\/\\\/sophro-bocage.fr\\\/wp-content\\\/uploads\\\/2023\\\/03\\\/flower-fleur-2.png\",\"url\":\"https:\\\/\\\/sophro-bocage.fr\\\/wp-content\\\/uploads\\\/2023\\\/03\\\/flower-fleur-2.png\",\"contentUrl\":\"https:\\\/\\\/sophro-bocage.fr\\\/wp-content\\\/uploads\\\/2023\\\/03\\\/flower-fleur-2.png\",\"width\":500,\"height\":500,\"caption\":\"AnneB\"},\"logo\":{\"@id\":\"https:\\\/\\\/sophro-bocage.fr\\\/wp-content\\\/uploads\\\/2023\\\/03\\\/flower-fleur-2.png\"}}]}<\/script>\n<!-- \/ Yoast SEO plugin. -->","yoast_head_json":{"title":"Riprendere sonno - Anne Boulon Lef\u00e8vre","robots":{"index":"index","follow":"follow","max-snippet":"max-snippet:-1","max-image-preview":"max-image-preview:large","max-video-preview":"max-video-preview:-1"},"canonical":"https:\/\/sophro-bocage.fr\/it\/riprendere-sonno\/","og_locale":"it_IT","og_type":"article","og_title":"Riprendere sonno - Anne Boulon Lef\u00e8vre","og_description":"La sera avete difficolt\u00e0 ad addormentarvi e\/o vi svegliate durante la notte. Al mattino ci si sveglia stanchi Le giornate sembrano lunghe e il carico di lavoro \u00e8 pesante. Nella vita di tutti i giorni, ci si sente pi\u00f9 irritabili, emotivi Avete difficolt\u00e0 a concentrarvi Non pu\u00f2 andare avanti cos\u00ec!Ne avete avuto abbastanza! Immaginate che [&hellip;]","og_url":"https:\/\/sophro-bocage.fr\/it\/riprendere-sonno\/","og_site_name":"Anne Boulon Lef\u00e8vre","article_modified_time":"2023-03-29T08:20:11+00:00","og_image":[{"width":1920,"height":1080,"url":"https:\/\/sophro-bocage.fr\/wp-content\/uploads\/2023\/03\/Fatiguee.jpg","type":"image\/jpeg"}],"twitter_card":"summary_large_image","twitter_misc":{"Tempo di lettura stimato":"5 minuti"},"schema":{"@context":"https:\/\/schema.org","@graph":[{"@type":"WebPage","@id":"https:\/\/sophro-bocage.fr\/it\/riprendere-sonno\/","url":"https:\/\/sophro-bocage.fr\/it\/riprendere-sonno\/","name":"Riprendere sonno - Anne Boulon Lef\u00e8vre","isPartOf":{"@id":"https:\/\/sophro-bocage.fr\/it\/#website"},"primaryImageOfPage":{"@id":"https:\/\/sophro-bocage.fr\/it\/riprendere-sonno\/#primaryimage"},"image":{"@id":"https:\/\/sophro-bocage.fr\/it\/riprendere-sonno\/#primaryimage"},"thumbnailUrl":"https:\/\/sophro-bocage.fr\/wp-content\/uploads\/2023\/03\/Fatiguee.jpg","datePublished":"2020-09-17T13:22:27+00:00","dateModified":"2023-03-29T08:20:11+00:00","breadcrumb":{"@id":"https:\/\/sophro-bocage.fr\/it\/riprendere-sonno\/#breadcrumb"},"inLanguage":"it-IT","potentialAction":[{"@type":"ReadAction","target":["https:\/\/sophro-bocage.fr\/it\/riprendere-sonno\/"]}]},{"@type":"ImageObject","inLanguage":"it-IT","@id":"https:\/\/sophro-bocage.fr\/it\/riprendere-sonno\/#primaryimage","url":"https:\/\/sophro-bocage.fr\/wp-content\/uploads\/2023\/03\/Fatiguee.jpg","contentUrl":"https:\/\/sophro-bocage.fr\/wp-content\/uploads\/2023\/03\/Fatiguee.jpg","width":1920,"height":1080},{"@type":"BreadcrumbList","@id":"https:\/\/sophro-bocage.fr\/it\/riprendere-sonno\/#breadcrumb","itemListElement":[{"@type":"ListItem","position":1,"name":"Accueil","item":"https:\/\/sophro-bocage.fr\/it\/"},{"@type":"ListItem","position":2,"name":"Riprendere sonno"}]},{"@type":"WebSite","@id":"https:\/\/sophro-bocage.fr\/it\/#website","url":"https:\/\/sophro-bocage.fr\/it\/","name":"Anne Boulon Lef\u00e8vre","description":"","publisher":{"@id":"https:\/\/sophro-bocage.fr\/it\/#\/schema\/person\/7b0aa2fcff52f47ccedc01021a9f7640"},"potentialAction":[{"@type":"SearchAction","target":{"@type":"EntryPoint","urlTemplate":"https:\/\/sophro-bocage.fr\/it\/?s={search_term_string}"},"query-input":{"@type":"PropertyValueSpecification","valueRequired":true,"valueName":"search_term_string"}}],"inLanguage":"it-IT"},{"@type":["Person","Organization"],"@id":"https:\/\/sophro-bocage.fr\/it\/#\/schema\/person\/7b0aa2fcff52f47ccedc01021a9f7640","name":"AnneB","image":{"@type":"ImageObject","inLanguage":"it-IT","@id":"https:\/\/sophro-bocage.fr\/wp-content\/uploads\/2023\/03\/flower-fleur-2.png","url":"https:\/\/sophro-bocage.fr\/wp-content\/uploads\/2023\/03\/flower-fleur-2.png","contentUrl":"https:\/\/sophro-bocage.fr\/wp-content\/uploads\/2023\/03\/flower-fleur-2.png","width":500,"height":500,"caption":"AnneB"},"logo":{"@id":"https:\/\/sophro-bocage.fr\/wp-content\/uploads\/2023\/03\/flower-fleur-2.png"}}]}},"_links":{"self":[{"href":"https:\/\/sophro-bocage.fr\/it\/wp-json\/wp\/v2\/pages\/233931","targetHints":{"allow":["GET"]}}],"collection":[{"href":"https:\/\/sophro-bocage.fr\/it\/wp-json\/wp\/v2\/pages"}],"about":[{"href":"https:\/\/sophro-bocage.fr\/it\/wp-json\/wp\/v2\/types\/page"}],"author":[{"embeddable":true,"href":"https:\/\/sophro-bocage.fr\/it\/wp-json\/wp\/v2\/users\/1"}],"replies":[{"embeddable":true,"href":"https:\/\/sophro-bocage.fr\/it\/wp-json\/wp\/v2\/comments?post=233931"}],"version-history":[{"count":2,"href":"https:\/\/sophro-bocage.fr\/it\/wp-json\/wp\/v2\/pages\/233931\/revisions"}],"predecessor-version":[{"id":233935,"href":"https:\/\/sophro-bocage.fr\/it\/wp-json\/wp\/v2\/pages\/233931\/revisions\/233935"}],"wp:featuredmedia":[{"embeddable":true,"href":"https:\/\/sophro-bocage.fr\/it\/wp-json\/wp\/v2\/media\/233891"}],"wp:attachment":[{"href":"https:\/\/sophro-bocage.fr\/it\/wp-json\/wp\/v2\/media?parent=233931"}],"curies":[{"name":"wp","href":"https:\/\/api.w.org\/{rel}","templated":true}]}}