{"id":233924,"date":"2020-04-14T18:07:25","date_gmt":"2020-04-14T17:07:25","guid":{"rendered":"https:\/\/sophro-bocage.fr\/contatto\/"},"modified":"2023-11-15T19:01:44","modified_gmt":"2023-11-15T18:01:44","slug":"contatto","status":"publish","type":"page","link":"https:\/\/sophro-bocage.fr\/it\/contatto\/","title":{"rendered":"Contatto"},"content":{"rendered":"<p>[et_pb_section fb_built=&#8221;1&#8243; _builder_version=&#8221;4.16&#8243; custom_padding=&#8221;50px||50px|||&#8221; global_colors_info=&#8221;{}&#8221; theme_builder_area=&#8221;post_content&#8221;][et_pb_row _builder_version=&#8221;4.19.4&#8243; module_alignment=&#8221;center&#8221; custom_padding=&#8221;||0px||false|false&#8221; global_colors_info=&#8221;{}&#8221; theme_builder_area=&#8221;post_content&#8221;][et_pb_column type=&#8221;4_4&#8243; _builder_version=&#8221;4.16&#8243; global_colors_info=&#8221;{}&#8221; theme_builder_area=&#8221;post_content&#8221;][et_pb_text _builder_version=&#8221;4.19.4&#8243; header_2_text_color=&#8221;#1D1D1F&#8221; global_colors_info=&#8221;{}&#8221; theme_builder_area=&#8221;post_content&#8221;]<\/p>\n<h1>Informazioni di contatto<\/h1>\n<p>[\/et_pb_text][\/et_pb_column][\/et_pb_row][et_pb_row column_structure=&#8221;1_2,1_2&#8243; _builder_version=&#8221;4.16&#8243; module_alignment=&#8221;center&#8221; custom_padding=&#8221;||||false|false&#8221; global_colors_info=&#8221;{}&#8221; theme_builder_area=&#8221;post_content&#8221;][et_pb_column type=&#8221;1_2&#8243; _builder_version=&#8221;4.16&#8243; global_colors_info=&#8221;{}&#8221; theme_builder_area=&#8221;post_content&#8221;][et_pb_blurb use_icon=&#8221;on&#8221; font_icon=&#8221;&#xe01d;||divi||400&#8243; icon_placement=&#8221;left&#8221; content_max_width=&#8221;100%&#8221; _builder_version=&#8221;4.20.0&#8243; body_font=&#8221;||||||||&#8221; body_text_color=&#8221;#1D1D1F&#8221; body_link_text_color=&#8221;gcid-99880e86-555a-4ebb-aa2c-8f77aa229237&#8243; icon_font_size=&#8221;22px&#8221; saved_tabs=&#8221;all&#8221; global_colors_info=&#8221;{%22gcid-69573b12-119a-4215-b6bb-d6eb4191e686%22:%91%22icon_color%22%93,%22gcid-99880e86-555a-4ebb-aa2c-8f77aa229237%22:%91%22body_link_text_color%22%93,%22gcid-ee8833ad-bd06-4dd5-9c4e-137a1985b31f%22:%91%22icon_color%22%93}&#8221; theme_builder_area=&#8221;post_content&#8221;]<\/p>\n<p><span>15 Via Trainerie  <\/span><\/p>\n<p><span>14500 Vire<\/span><\/p>\n<p>[\/et_pb_blurb][et_pb_blurb use_icon=&#8221;on&#8221; font_icon=&#8221;&#xe023;||divi||400&#8243; icon_placement=&#8221;left&#8221; content_max_width=&#8221;100%&#8221; _builder_version=&#8221;4.20.2&#8243; body_font=&#8221;||||||||&#8221; body_text_color=&#8221;#1D1D1F&#8221; body_link_text_color=&#8221;gcid-99880e86-555a-4ebb-aa2c-8f77aa229237&#8243; saved_tabs=&#8221;all&#8221; global_colors_info=&#8221;{%22gcid-69573b12-119a-4215-b6bb-d6eb4191e686%22:%91%22icon_color%22%93,%22gcid-99880e86-555a-4ebb-aa2c-8f77aa229237%22:%91%22body_link_text_color%22%93}&#8221; theme_builder_area=&#8221;post_content&#8221;]<\/p>\n<p style=\"text-align: left;\"><strong>Marted\u00ec &#8211; venerd\u00ec: <\/strong>17:00 &#8211; 19:00<\/p>\n<p style=\"text-align: left;\"><strong>Luned\u00ec e sabato: <\/strong>10H\/12H<\/p>\n<p style=\"text-align: left;\">[\/et_pb_blurb][et_pb_blurb title=&#8221;Tariffe&#8221; use_icon=&#8221;on&#8221; font_icon=&#8221;&#xf153;||fa||900&#8243; icon_placement=&#8221;left&#8221; content_max_width=&#8221;100%&#8221; _builder_version=&#8221;4.20.2&#8243; body_font=&#8221;||||||||&#8221; body_text_color=&#8221;#1D1D1F&#8221; body_link_text_color=&#8221;gcid-99880e86-555a-4ebb-aa2c-8f77aa229237&#8243; saved_tabs=&#8221;all&#8221; global_colors_info=&#8221;{%22gcid-69573b12-119a-4215-b6bb-d6eb4191e686%22:%91%22icon_color%22%93,%22gcid-99880e86-555a-4ebb-aa2c-8f77aa229237%22:%91%22body_link_text_color%22%93}&#8221; theme_builder_area=&#8221;post_content&#8221;]<\/p>\n<p style=\"text-align: left;\">Sessione \u20ac 50, tariffa ridotta \u20ac 20, sessione di gruppo \u20ac 10<\/p>\n<p>[\/et_pb_blurb][et_pb_blurb use_icon=&#8221;on&#8221; font_icon=&#8221;&#xe090;||divi||400&#8243; icon_placement=&#8221;left&#8221; content_max_width=&#8221;100%&#8221; _builder_version=&#8221;4.20.2&#8243; body_font=&#8221;||||||||&#8221; body_text_color=&#8221;#1D1D1F&#8221; link_option_url=&#8221;tel:+33789243822&#8243; saved_tabs=&#8221;all&#8221; global_colors_info=&#8221;{%22gcid-c7152b91-c4d7-4118-9bb8-bc8c566db64d%22:%91%22body_text_color%22%93,%22gcid-b16e5b9b-902b-4fcb-8279-78fa0196b5ae%22:%91%22icon_color%22%93,%22gcid-40a0212e-10b9-4dee-8d88-764c14f9909c%22:%91%93,%22gcid-69573b12-119a-4215-b6bb-d6eb4191e686%22:%91%22icon_color%22%93}&#8221; theme_builder_area=&#8221;post_content&#8221;]<\/p>\n<p><span><a href=\"tel:+33789243822\">07 89 24 38 22<\/a> (lasciate un messaggio se non siete disponibili)<\/span><\/p>\n<p>[\/et_pb_blurb][et_pb_blurb use_icon=&#8221;on&#8221; font_icon=&#8221;&#xe076;||divi||400&#8243; icon_placement=&#8221;left&#8221; content_max_width=&#8221;100%&#8221; _builder_version=&#8221;4.19.4&#8243; body_font=&#8221;||||||||&#8221; body_text_color=&#8221;#1D1D1F&#8221; link_option_url=&#8221;#contatto&#8221; saved_tabs=&#8221;all&#8221; global_colors_info=&#8221;{%22gcid-c7152b91-c4d7-4118-9bb8-bc8c566db64d%22:%91%22body_text_color%22%93,%22gcid-b16e5b9b-902b-4fcb-8279-78fa0196b5ae%22:%91%22icon_color%22%93,%22gcid-40a0212e-10b9-4dee-8d88-764c14f9909c%22:%91%93,%22gcid-69573b12-119a-4215-b6bb-d6eb4191e686%22:%91%22icon_color%22%93}&#8221; theme_builder_area=&#8221;post_content&#8221;]<\/p>\n<p>Modulo di contatto<\/p>\n<p>[\/et_pb_blurb][\/et_pb_column][et_pb_column type=&#8221;1_2&#8243; _builder_version=&#8221;4.16&#8243; global_colors_info=&#8221;{}&#8221; theme_builder_area=&#8221;post_content&#8221;][et_pb_code _builder_version=&#8221;4.20.0&#8243; _module_preset=&#8221;default&#8221; max_height=&#8221;440px&#8221; custom_margin=&#8221;0px||0px||true|false&#8221; custom_padding=&#8221;0px||0px||true|false&#8221; border_radii=&#8221;on|10px|10px|10px|10px&#8221; border_width_all=&#8221;5px&#8221; border_color_all=&#8221;gcid-a0fc7e00-7cf9-4645-9a9d-3cdeb0bf36eb&#8221; global_colors_info=&#8221;{%22gcid-a0fc7e00-7cf9-4645-9a9d-3cdeb0bf36eb%22:%91%22border_color_all%22%93}&#8221; theme_builder_area=&#8221;post_content&#8221;]<iframe src=\"https:\/\/www.google.com\/maps\/embed?pb=!1m18!1m12!1m3!1d21009.77386958017!2d-0.8986401604492188!3d48.83490910000001!2m3!1f0!2f0!3f0!3m2!1i1024!2i768!4f13.1!3m3!1m2!1s0x480bda60491d679d%3A0x5f23f6f9a844bc32!2s15%20Rue%20Trainerie%2C%2014500%20Vire-Normandie%2C%20France!5e0!3m2!1sfr!2sid!4v1678169320398!5m2!1sfr!2sid\" width=\"100%\" height=\"450\" style=\"border:0;\" allowfullscreen=\"\" loading=\"lazy\" referrerpolicy=\"no-referrer-when-downgrade\"><\/iframe>[\/et_pb_code][\/et_pb_column][\/et_pb_row][\/et_pb_section][et_pb_section fb_built=&#8221;1&#8243; disabled_on=&#8221;off|off|off&#8221; admin_label=&#8221;Footer&#8221; module_id=&#8221;contatto&#8221; _builder_version=&#8221;4.20.0&#8243; background_color=&#8221;rgba(242,242,242,0.27)&#8221; module_alignment=&#8221;left&#8221; custom_padding=&#8221;0px|||||&#8221; locked=&#8221;off&#8221; global_colors_info=&#8221;{%22gcid-7d181664-2bfd-4f66-92f9-bd3ecd0569aa%22:%91%93,%22gcid-c7152b91-c4d7-4118-9bb8-bc8c566db64d%22:%91%93}&#8221; theme_builder_area=&#8221;post_content&#8221;][et_pb_row module_id=&#8221;form&#8221; _builder_version=&#8221;4.19.4&#8243; custom_padding=&#8221;||0px|||&#8221; locked=&#8221;off&#8221; global_colors_info=&#8221;{}&#8221; theme_builder_area=&#8221;post_content&#8221;][et_pb_column type=&#8221;4_4&#8243; _builder_version=&#8221;4.16&#8243; custom_padding=&#8221;|||&#8221; global_colors_info=&#8221;{}&#8221; custom_padding__hover=&#8221;|||&#8221; theme_builder_area=&#8221;post_content&#8221;][et_pb_text _builder_version=&#8221;4.19.0&#8243; text_font=&#8221;||||||||&#8221; text_text_color=&#8221;#1D1D1F&#8221; text_line_height=&#8221;2em&#8221; header_font=&#8221;||||||||&#8221; header_2_font=&#8221;|300|||||||&#8221; header_2_text_color=&#8221;#1D1D1F&#8221; header_2_font_size=&#8221;40px&#8221; header_2_line_height=&#8221;1.4em&#8221; header_5_font=&#8221;||||||||&#8221; header_5_text_color=&#8221;#7f8dff&#8221; header_5_line_height=&#8221;2em&#8221; text_orientation=&#8221;center&#8221; header_2_font_size_tablet=&#8221;&#8221; header_2_font_size_phone=&#8221;30px&#8221; header_2_font_size_last_edited=&#8221;on|phone&#8221; locked=&#8221;off&#8221; global_colors_info=&#8221;{%22gcid-c7152b91-c4d7-4118-9bb8-bc8c566db64d%22:%91%93,%22gcid-40a0212e-10b9-4dee-8d88-764c14f9909c%22:%91%93}&#8221; theme_builder_area=&#8221;post_content&#8221;]<\/p>\n<h2 style=\"text-align: left;\">Invia un messaggio<\/h2>\n<p style=\"text-align: left;\">Per tutte le domande sul mio studio, per informazioni sulle sedute e per fissare un appuntamento.<strong><br \/><\/strong><\/p>\n<p>[\/et_pb_text][\/et_pb_column][\/et_pb_row][et_pb_row column_structure=&#8221;3_5,2_5&#8243; module_class=&#8221;reverse&#8221; _builder_version=&#8221;4.19.4&#8243; global_colors_info=&#8221;{}&#8221; theme_builder_area=&#8221;post_content&#8221;][et_pb_column type=&#8221;3_5&#8243; _builder_version=&#8221;4.16&#8243; custom_padding=&#8221;|||&#8221; global_colors_info=&#8221;{}&#8221; custom_padding__hover=&#8221;|||&#8221; theme_builder_area=&#8221;post_content&#8221;][et_pb_contact_form email=&#8221;anneboulon6@gmail.com  &#8221; custom_message=&#8221;Hai ricevuto un messaggio dal tuo sito:||et_pb_line_break_holder||||et_pb_line_break_holder|Nome:%%Nome%||et_pb_line_break_holder|Cognome:%%Cognome%||et_pb_line_break_holder||Email:%%Email%%|et_pb_line_break_holder|Messaggio:%%Messaggio%%&#8221; success_message=&#8221;Il tuo messaggio \u00e8 stato inviato!&#8221; submit_button_text=&#8221;Inviare&#8221; module_id=&#8221;et_pb_contact_form_0&#8243; _builder_version=&#8221;4.23.1&#8243; _unique_id=&#8221;de93cd5e-bfc5-44d2-9362-bcb121506852&#8243; form_field_background_color=&#8221;#ffffff&#8221; form_field_text_color=&#8221;#1D1D1F&#8221; form_field_focus_background_color=&#8221;#ffffff&#8221; form_field_focus_text_color=&#8221;#1D1D1F&#8221; form_field_font=&#8221;|||||on|||&#8221; form_field_font_size=&#8221;19px&#8221; custom_button=&#8221;on&#8221; button_text_color=&#8221;gcid-ee8833ad-bd06-4dd5-9c4e-137a1985b31f&#8221; button_bg_color=&#8221;gcid-69573b12-119a-4215-b6bb-d6eb4191e686&#8243; button_border_width=&#8221;0px&#8221; button_border_color=&#8221;#5f1366&#8243; button_border_radius=&#8221;4px&#8221; button_font=&#8221;|||||on|||&#8221; button_icon=&#8221;&#x4e;||divi||400&#8243; hover_enabled=&#8221;0&#8243; border_radii=&#8221;on|4px|4px|4px|4px&#8221; border_width_all=&#8221;1px&#8221; border_color_all=&#8221;#FFFFFF&#8221; form_background_color=&#8221;rgba(0,0,0,0)&#8221; global_colors_info=&#8221;{%22gcid-ee8833ad-bd06-4dd5-9c4e-137a1985b31f%22:%91%22button_text_color%22%93,%22gcid-69573b12-119a-4215-b6bb-d6eb4191e686%22:%91%22button_bg_color%22%93}&#8221; theme_builder_area=&#8221;post_content&#8221; sticky_enabled=&#8221;0&#8243;][et_pb_contact_field field_id=&#8221;Prenom&#8221; field_title=&#8221;Nome&#8221; _builder_version=&#8221;4.16&#8243; global_colors_info=&#8221;{}&#8221; theme_builder_area=&#8221;post_content&#8221;][\/et_pb_contact_field][et_pb_contact_field field_id=&#8221;Nom&#8221; field_title=&#8221;Nome&#8221; _builder_version=&#8221;4.16&#8243; global_colors_info=&#8221;{}&#8221; button_text_size__hover_enabled=&#8221;off&#8221; button_one_text_size__hover_enabled=&#8221;off&#8221; button_two_text_size__hover_enabled=&#8221;off&#8221; button_text_color__hover_enabled=&#8221;off&#8221; button_one_text_color__hover_enabled=&#8221;off&#8221; button_two_text_color__hover_enabled=&#8221;off&#8221; button_border_width__hover_enabled=&#8221;off&#8221; button_one_border_width__hover_enabled=&#8221;off&#8221; button_two_border_width__hover_enabled=&#8221;off&#8221; button_border_color__hover_enabled=&#8221;off&#8221; button_one_border_color__hover_enabled=&#8221;off&#8221; button_two_border_color__hover_enabled=&#8221;off&#8221; button_border_radius__hover_enabled=&#8221;off&#8221; button_one_border_radius__hover_enabled=&#8221;off&#8221; button_two_border_radius__hover_enabled=&#8221;off&#8221; button_letter_spacing__hover_enabled=&#8221;off&#8221; button_one_letter_spacing__hover_enabled=&#8221;off&#8221; button_two_letter_spacing__hover_enabled=&#8221;off&#8221; button_bg_color__hover_enabled=&#8221;off&#8221; button_one_bg_color__hover_enabled=&#8221;off&#8221; button_two_bg_color__hover_enabled=&#8221;off&#8221; theme_builder_area=&#8221;post_content&#8221;][\/et_pb_contact_field][et_pb_contact_field field_id=&#8221;Email&#8221; field_title=&#8221;Email&#8221; field_type=&#8221;email&#8221; fullwidth_field=&#8221;on&#8221; _builder_version=&#8221;4.19.0&#8243; global_colors_info=&#8221;{}&#8221; button_text_size__hover_enabled=&#8221;off&#8221; button_one_text_size__hover_enabled=&#8221;off&#8221; button_two_text_size__hover_enabled=&#8221;off&#8221; button_text_color__hover_enabled=&#8221;off&#8221; button_one_text_color__hover_enabled=&#8221;off&#8221; button_two_text_color__hover_enabled=&#8221;off&#8221; button_border_width__hover_enabled=&#8221;off&#8221; button_one_border_width__hover_enabled=&#8221;off&#8221; button_two_border_width__hover_enabled=&#8221;off&#8221; button_border_color__hover_enabled=&#8221;off&#8221; button_one_border_color__hover_enabled=&#8221;off&#8221; button_two_border_color__hover_enabled=&#8221;off&#8221; button_border_radius__hover_enabled=&#8221;off&#8221; button_one_border_radius__hover_enabled=&#8221;off&#8221; button_two_border_radius__hover_enabled=&#8221;off&#8221; button_letter_spacing__hover_enabled=&#8221;off&#8221; button_one_letter_spacing__hover_enabled=&#8221;off&#8221; button_two_letter_spacing__hover_enabled=&#8221;off&#8221; button_bg_color__hover_enabled=&#8221;off&#8221; button_one_bg_color__hover_enabled=&#8221;off&#8221; button_two_bg_color__hover_enabled=&#8221;off&#8221; theme_builder_area=&#8221;post_content&#8221;][\/et_pb_contact_field][et_pb_contact_field field_id=&#8221;Message&#8221; field_title=&#8221;Messaggio&#8221; field_type=&#8221;text&#8221; fullwidth_field=&#8221;on&#8221; _builder_version=&#8221;4.16&#8243; global_colors_info=&#8221;{}&#8221; button_text_size__hover_enabled=&#8221;off&#8221; button_one_text_size__hover_enabled=&#8221;off&#8221; button_two_text_size__hover_enabled=&#8221;off&#8221; button_text_color__hover_enabled=&#8221;off&#8221; button_one_text_color__hover_enabled=&#8221;off&#8221; button_two_text_color__hover_enabled=&#8221;off&#8221; button_border_width__hover_enabled=&#8221;off&#8221; button_one_border_width__hover_enabled=&#8221;off&#8221; button_two_border_width__hover_enabled=&#8221;off&#8221; button_border_color__hover_enabled=&#8221;off&#8221; button_one_border_color__hover_enabled=&#8221;off&#8221; button_two_border_color__hover_enabled=&#8221;off&#8221; button_border_radius__hover_enabled=&#8221;off&#8221; button_one_border_radius__hover_enabled=&#8221;off&#8221; button_two_border_radius__hover_enabled=&#8221;off&#8221; button_letter_spacing__hover_enabled=&#8221;off&#8221; button_one_letter_spacing__hover_enabled=&#8221;off&#8221; button_two_letter_spacing__hover_enabled=&#8221;off&#8221; button_bg_color__hover_enabled=&#8221;off&#8221; button_one_bg_color__hover_enabled=&#8221;off&#8221; button_two_bg_color__hover_enabled=&#8221;off&#8221; theme_builder_area=&#8221;post_content&#8221;][\/et_pb_contact_field][\/et_pb_contact_form][\/et_pb_column][et_pb_column type=&#8221;2_5&#8243; _builder_version=&#8221;4.16&#8243; custom_padding=&#8221;|||&#8221; global_colors_info=&#8221;{}&#8221; custom_padding__hover=&#8221;|||&#8221; theme_builder_area=&#8221;post_content&#8221;][et_pb_image src=&#8221;https:\/\/sophro-bocage.fr\/wp-content\/uploads\/2023\/03\/flower-fleur-2.png&#8221; title_text=&#8221;fiore fiore 2&#8243; align=&#8221;center&#8221; _builder_version=&#8221;4.20.0&#8243; _module_preset=&#8221;default&#8221; max_width=&#8221;299px&#8221; custom_margin_tablet=&#8221;&#8221; custom_margin_phone=&#8221;||20px||false|false&#8221; custom_margin_last_edited=&#8221;on|phone&#8221; global_colors_info=&#8221;{}&#8221; theme_builder_area=&#8221;post_content&#8221;][\/et_pb_image][\/et_pb_column][\/et_pb_row][\/et_pb_section]<\/p>\n","protected":false},"excerpt":{"rendered":"<p>Informazioni di contatto15 Via Trainerie 14500 VireMarted\u00ec &#8211; venerd\u00ec: 17:00 &#8211; 19:00 Luned\u00ec e sabato: 10H\/12H Sessione \u20ac 50, tariffa ridotta \u20ac 20, sessione di gruppo \u20ac 1007 89 24 38 22 (lasciate un messaggio se non siete disponibili)Modulo di contattoInvia un messaggio Per tutte le domande sul mio studio, per informazioni sulle sedute e [&hellip;]<\/p>\n","protected":false},"author":1,"featured_media":0,"parent":0,"menu_order":0,"comment_status":"closed","ping_status":"closed","template":"","meta":{"_et_pb_use_builder":"on","_et_pb_old_content":"","_et_gb_content_width":"","footnotes":""},"class_list":["post-233924","page","type-page","status-publish","hentry"],"yoast_head":"<!-- This site is optimized with the Yoast SEO plugin v27.4 - https:\/\/yoast.com\/product\/yoast-seo-wordpress\/ -->\n<title>Contatto - Anne Boulon Lef\u00e8vre<\/title>\n<meta name=\"robots\" content=\"index, follow, max-snippet:-1, max-image-preview:large, max-video-preview:-1\" \/>\n<link rel=\"canonical\" href=\"https:\/\/sophro-bocage.fr\/it\/contatto\/\" \/>\n<meta property=\"og:locale\" content=\"it_IT\" \/>\n<meta property=\"og:type\" content=\"article\" \/>\n<meta property=\"og:title\" content=\"Contatto - Anne Boulon Lef\u00e8vre\" \/>\n<meta property=\"og:description\" content=\"Informazioni di contatto15 Via Trainerie 14500 VireMarted\u00ec - venerd\u00ec: 17:00 - 19:00 Luned\u00ec e sabato: 10H\/12H Sessione \u20ac 50, tariffa ridotta \u20ac 20, sessione di gruppo \u20ac 1007 89 24 38 22 (lasciate un messaggio se non siete disponibili)Modulo di contattoInvia un messaggio Per tutte le domande sul mio studio, per informazioni sulle sedute e [&hellip;]\" \/>\n<meta property=\"og:url\" content=\"https:\/\/sophro-bocage.fr\/it\/contatto\/\" \/>\n<meta property=\"og:site_name\" content=\"Anne Boulon Lef\u00e8vre\" \/>\n<meta property=\"article:modified_time\" content=\"2023-11-15T18:01:44+00:00\" \/>\n<meta property=\"og:image\" content=\"https:\/\/sophro-bocage.fr\/wp-content\/uploads\/2023\/03\/flower-fleur-2.png\" \/>\n\t<meta property=\"og:image:width\" content=\"500\" \/>\n\t<meta property=\"og:image:height\" content=\"500\" \/>\n\t<meta property=\"og:image:type\" content=\"image\/png\" \/>\n<meta name=\"twitter:card\" content=\"summary_large_image\" \/>\n<meta name=\"twitter:label1\" content=\"Tempo di lettura stimato\" \/>\n\t<meta name=\"twitter:data1\" content=\"9 minuti\" \/>\n<script type=\"application\/ld+json\" class=\"yoast-schema-graph\">{\"@context\":\"https:\\\/\\\/schema.org\",\"@graph\":[{\"@type\":\"WebPage\",\"@id\":\"https:\\\/\\\/sophro-bocage.fr\\\/it\\\/contatto\\\/\",\"url\":\"https:\\\/\\\/sophro-bocage.fr\\\/it\\\/contatto\\\/\",\"name\":\"Contatto - Anne Boulon Lef\u00e8vre\",\"isPartOf\":{\"@id\":\"https:\\\/\\\/sophro-bocage.fr\\\/it\\\/#website\"},\"datePublished\":\"2020-04-14T17:07:25+00:00\",\"dateModified\":\"2023-11-15T18:01:44+00:00\",\"breadcrumb\":{\"@id\":\"https:\\\/\\\/sophro-bocage.fr\\\/it\\\/contatto\\\/#breadcrumb\"},\"inLanguage\":\"it-IT\",\"potentialAction\":[{\"@type\":\"ReadAction\",\"target\":[\"https:\\\/\\\/sophro-bocage.fr\\\/it\\\/contatto\\\/\"]}]},{\"@type\":\"BreadcrumbList\",\"@id\":\"https:\\\/\\\/sophro-bocage.fr\\\/it\\\/contatto\\\/#breadcrumb\",\"itemListElement\":[{\"@type\":\"ListItem\",\"position\":1,\"name\":\"Accueil\",\"item\":\"https:\\\/\\\/sophro-bocage.fr\\\/it\\\/\"},{\"@type\":\"ListItem\",\"position\":2,\"name\":\"Contatto\"}]},{\"@type\":\"WebSite\",\"@id\":\"https:\\\/\\\/sophro-bocage.fr\\\/it\\\/#website\",\"url\":\"https:\\\/\\\/sophro-bocage.fr\\\/it\\\/\",\"name\":\"Anne Boulon Lef\u00e8vre\",\"description\":\"\",\"publisher\":{\"@id\":\"https:\\\/\\\/sophro-bocage.fr\\\/it\\\/#\\\/schema\\\/person\\\/7b0aa2fcff52f47ccedc01021a9f7640\"},\"potentialAction\":[{\"@type\":\"SearchAction\",\"target\":{\"@type\":\"EntryPoint\",\"urlTemplate\":\"https:\\\/\\\/sophro-bocage.fr\\\/it\\\/?s={search_term_string}\"},\"query-input\":{\"@type\":\"PropertyValueSpecification\",\"valueRequired\":true,\"valueName\":\"search_term_string\"}}],\"inLanguage\":\"it-IT\"},{\"@type\":[\"Person\",\"Organization\"],\"@id\":\"https:\\\/\\\/sophro-bocage.fr\\\/it\\\/#\\\/schema\\\/person\\\/7b0aa2fcff52f47ccedc01021a9f7640\",\"name\":\"AnneB\",\"image\":{\"@type\":\"ImageObject\",\"inLanguage\":\"it-IT\",\"@id\":\"https:\\\/\\\/sophro-bocage.fr\\\/wp-content\\\/uploads\\\/2023\\\/03\\\/flower-fleur-2.png\",\"url\":\"https:\\\/\\\/sophro-bocage.fr\\\/wp-content\\\/uploads\\\/2023\\\/03\\\/flower-fleur-2.png\",\"contentUrl\":\"https:\\\/\\\/sophro-bocage.fr\\\/wp-content\\\/uploads\\\/2023\\\/03\\\/flower-fleur-2.png\",\"width\":500,\"height\":500,\"caption\":\"AnneB\"},\"logo\":{\"@id\":\"https:\\\/\\\/sophro-bocage.fr\\\/wp-content\\\/uploads\\\/2023\\\/03\\\/flower-fleur-2.png\"}}]}<\/script>\n<!-- \/ Yoast SEO plugin. -->","yoast_head_json":{"title":"Contatto - Anne Boulon Lef\u00e8vre","robots":{"index":"index","follow":"follow","max-snippet":"max-snippet:-1","max-image-preview":"max-image-preview:large","max-video-preview":"max-video-preview:-1"},"canonical":"https:\/\/sophro-bocage.fr\/it\/contatto\/","og_locale":"it_IT","og_type":"article","og_title":"Contatto - Anne Boulon Lef\u00e8vre","og_description":"Informazioni di contatto15 Via Trainerie 14500 VireMarted\u00ec - venerd\u00ec: 17:00 - 19:00 Luned\u00ec e sabato: 10H\/12H Sessione \u20ac 50, tariffa ridotta \u20ac 20, sessione di gruppo \u20ac 1007 89 24 38 22 (lasciate un messaggio se non siete disponibili)Modulo di contattoInvia un messaggio Per tutte le domande sul mio studio, per informazioni sulle sedute e [&hellip;]","og_url":"https:\/\/sophro-bocage.fr\/it\/contatto\/","og_site_name":"Anne Boulon Lef\u00e8vre","article_modified_time":"2023-11-15T18:01:44+00:00","og_image":[{"width":500,"height":500,"url":"https:\/\/sophro-bocage.fr\/wp-content\/uploads\/2023\/03\/flower-fleur-2.png","type":"image\/png"}],"twitter_card":"summary_large_image","twitter_misc":{"Tempo di lettura stimato":"9 minuti"},"schema":{"@context":"https:\/\/schema.org","@graph":[{"@type":"WebPage","@id":"https:\/\/sophro-bocage.fr\/it\/contatto\/","url":"https:\/\/sophro-bocage.fr\/it\/contatto\/","name":"Contatto - Anne Boulon Lef\u00e8vre","isPartOf":{"@id":"https:\/\/sophro-bocage.fr\/it\/#website"},"datePublished":"2020-04-14T17:07:25+00:00","dateModified":"2023-11-15T18:01:44+00:00","breadcrumb":{"@id":"https:\/\/sophro-bocage.fr\/it\/contatto\/#breadcrumb"},"inLanguage":"it-IT","potentialAction":[{"@type":"ReadAction","target":["https:\/\/sophro-bocage.fr\/it\/contatto\/"]}]},{"@type":"BreadcrumbList","@id":"https:\/\/sophro-bocage.fr\/it\/contatto\/#breadcrumb","itemListElement":[{"@type":"ListItem","position":1,"name":"Accueil","item":"https:\/\/sophro-bocage.fr\/it\/"},{"@type":"ListItem","position":2,"name":"Contatto"}]},{"@type":"WebSite","@id":"https:\/\/sophro-bocage.fr\/it\/#website","url":"https:\/\/sophro-bocage.fr\/it\/","name":"Anne Boulon Lef\u00e8vre","description":"","publisher":{"@id":"https:\/\/sophro-bocage.fr\/it\/#\/schema\/person\/7b0aa2fcff52f47ccedc01021a9f7640"},"potentialAction":[{"@type":"SearchAction","target":{"@type":"EntryPoint","urlTemplate":"https:\/\/sophro-bocage.fr\/it\/?s={search_term_string}"},"query-input":{"@type":"PropertyValueSpecification","valueRequired":true,"valueName":"search_term_string"}}],"inLanguage":"it-IT"},{"@type":["Person","Organization"],"@id":"https:\/\/sophro-bocage.fr\/it\/#\/schema\/person\/7b0aa2fcff52f47ccedc01021a9f7640","name":"AnneB","image":{"@type":"ImageObject","inLanguage":"it-IT","@id":"https:\/\/sophro-bocage.fr\/wp-content\/uploads\/2023\/03\/flower-fleur-2.png","url":"https:\/\/sophro-bocage.fr\/wp-content\/uploads\/2023\/03\/flower-fleur-2.png","contentUrl":"https:\/\/sophro-bocage.fr\/wp-content\/uploads\/2023\/03\/flower-fleur-2.png","width":500,"height":500,"caption":"AnneB"},"logo":{"@id":"https:\/\/sophro-bocage.fr\/wp-content\/uploads\/2023\/03\/flower-fleur-2.png"}}]}},"_links":{"self":[{"href":"https:\/\/sophro-bocage.fr\/it\/wp-json\/wp\/v2\/pages\/233924","targetHints":{"allow":["GET"]}}],"collection":[{"href":"https:\/\/sophro-bocage.fr\/it\/wp-json\/wp\/v2\/pages"}],"about":[{"href":"https:\/\/sophro-bocage.fr\/it\/wp-json\/wp\/v2\/types\/page"}],"author":[{"embeddable":true,"href":"https:\/\/sophro-bocage.fr\/it\/wp-json\/wp\/v2\/users\/1"}],"replies":[{"embeddable":true,"href":"https:\/\/sophro-bocage.fr\/it\/wp-json\/wp\/v2\/comments?post=233924"}],"version-history":[{"count":5,"href":"https:\/\/sophro-bocage.fr\/it\/wp-json\/wp\/v2\/pages\/233924\/revisions"}],"predecessor-version":[{"id":234138,"href":"https:\/\/sophro-bocage.fr\/it\/wp-json\/wp\/v2\/pages\/233924\/revisions\/234138"}],"wp:attachment":[{"href":"https:\/\/sophro-bocage.fr\/it\/wp-json\/wp\/v2\/media?parent=233924"}],"curies":[{"name":"wp","href":"https:\/\/api.w.org\/{rel}","templated":true}]}}