{"id":233918,"date":"2021-07-05T16:23:50","date_gmt":"2021-07-05T15:23:50","guid":{"rendered":"https:\/\/sophro-bocage.fr\/vivere-meglio-con-la-sclerosi-multipla\/"},"modified":"2023-11-21T18:28:58","modified_gmt":"2023-11-21T17:28:58","slug":"vivere-meglio-con-la-sclerosi-multipla","status":"publish","type":"page","link":"https:\/\/sophro-bocage.fr\/it\/vivere-meglio-con-la-sclerosi-multipla\/","title":{"rendered":"Vivere meglio con la sclerosi multipla"},"content":{"rendered":"<p>[et_pb_section fb_built=&#8221;1&#8243; admin_label=&#8221;About&#8221; _builder_version=&#8221;4.19.4&#8243; background_color=&#8221;#FFFFFF&#8221; global_colors_info=&#8221;{}&#8221; theme_builder_area=&#8221;post_content&#8221;][et_pb_row _builder_version=&#8221;4.16&#8243; max_width=&#8221;1280px&#8221; custom_padding=&#8221;0px|||||&#8221; global_colors_info=&#8221;{}&#8221; theme_builder_area=&#8221;post_content&#8221;][et_pb_column type=&#8221;4_4&#8243; _builder_version=&#8221;4.16&#8243; custom_padding=&#8221;|||&#8221; custom_padding_tablet=&#8221;|10%||10%||true&#8221; global_colors_info=&#8221;{}&#8221; padding_tablet=&#8221;|10%||10%||true&#8221; custom_padding__hover=&#8221;|||&#8221; theme_builder_area=&#8221;post_content&#8221;][et_pb_text _builder_version=&#8221;4.20.0&#8243; header_3_text_color=&#8221;gcid-7d181664-2bfd-4f66-92f9-bd3ecd0569aa&#8221; global_colors_info=&#8221;{%22gcid-5b4e4e0f-ae07-4804-ae5e-bf61ae07b421%22:%91%93,%22gcid-7d181664-2bfd-4f66-92f9-bd3ecd0569aa%22:%91%22header_3_text_color%22%93}&#8221; theme_builder_area=&#8221;post_content&#8221;]<\/p>\n<ul>\n<li style=\"text-align: center;\">Soffrite di ansia<\/li>\n<li style=\"text-align: center;\">Il livello di stress influisce sul benessere, sulla frequenza e sull&#8217;intensit\u00e0 delle infiammazioni.<\/li>\n<li style=\"text-align: center;\">Difficolt\u00e0 di concentrazione e disturbi sensoriali interferiscono con la vita quotidiana<\/li>\n<\/ul>\n<p style=\"text-align: center;\"><strong>Volete vedere le cose in modo diverso<\/strong><br \/><strong>Immaginate che a poco a poco&#8230;<\/strong><strong>con la pratica della sofrologia* :<\/strong><\/p>\n<ul style=\"text-align: center;\">\n<li>Le riacutizzazioni diventano meno frequenti e meno gravi<\/li>\n<li>Si (ri)trova la speranza che la propria condizione possa stabilizzarsi o addirittura migliorare<\/li>\n<li>Imparate a vivere con uno stress minimo<\/li>\n<li>Trovate l&#8217;energia per svolgere le attivit\u00e0 che vi fanno stare bene, per perseverare nella vostra lotta quotidiana.<\/li>\n<li>Come ti sentiresti allora?<\/li>\n<li>Pi\u00f9 sereno? Pi\u00f9 silenzioso? Pi\u00f9 soddisfatti?<\/li>\n<\/ul>\n<p style=\"text-align: center;\"><em>* La sofrologia non si sostituisce ai trattamenti medici, ma ne \u00e8 una sinergia e un complemento.<\/em><\/p>\n<p>[\/et_pb_text][\/et_pb_column][\/et_pb_row][et_pb_row column_structure=&#8221;1_2,1_2&#8243; make_equal=&#8221;on&#8221; _builder_version=&#8221;4.20.2&#8243; _module_preset=&#8221;default&#8221; global_colors_info=&#8221;{}&#8221; theme_builder_area=&#8221;post_content&#8221;][et_pb_column type=&#8221;1_2&#8243; disabled_on=&#8221;on|on|off&#8221; _builder_version=&#8221;4.20.2&#8243; _module_preset=&#8221;default&#8221; background_image=&#8221;https:\/\/sophro-bocage.fr\/wp-content\/uploads\/2023\/03\/guerri2.jpg&#8221; background_position=&#8221;bottom_center&#8221; box_shadow_style=&#8221;preset2&#8243; global_colors_info=&#8221;{}&#8221; theme_builder_area=&#8221;post_content&#8221;][\/et_pb_column][et_pb_column type=&#8221;1_2&#8243; _builder_version=&#8221;4.19.4&#8243; _module_preset=&#8221;default&#8221; global_colors_info=&#8221;{}&#8221; theme_builder_area=&#8221;post_content&#8221;][et_pb_image src=&#8221;https:\/\/sophro-bocage.fr\/wp-content\/uploads\/2023\/03\/guerri2-533&#215;400.jpg&#8221; title_text=&#8221;guerri2&#8243; disabled_on=&#8221;off|off|on&#8221; _builder_version=&#8221;4.20.2&#8243; _module_preset=&#8221;default&#8221; max_height=&#8221;598px&#8221; max_height_tablet=&#8221;598px&#8221; max_height_phone=&#8221;598px&#8221; max_height_last_edited=&#8221;on|phone&#8221; global_colors_info=&#8221;{}&#8221; theme_builder_area=&#8221;post_content&#8221;][\/et_pb_image][et_pb_text _builder_version=&#8221;4.20.0&#8243; _module_preset=&#8221;default&#8221; global_colors_info=&#8221;{}&#8221; theme_builder_area=&#8221;post_content&#8221;]<\/p>\n<h3 align=\"JUSTIFY\" style=\"text-align: left;\"><strong>Cosa propongo:<\/strong><\/h3>\n<p align=\"JUSTIFY\" style=\"text-align: left;\">Sessioni individuali di un&#8217;ora o un&#8217;ora e mezza in 3 fasi:<\/p>\n<ol>\n<li align=\"JUSTIFY\" style=\"text-align: left;\">Ascolto professionale, non giudicante e attento (l&#8217;esperienza di ogni persona con la SM \u00e8 diversa)<\/li>\n<li align=\"JUSTIFY\" style=\"text-align: left;\">Proposta e pratica di tecniche adatte alle difficolt\u00e0 espresse.<\/li>\n<li align=\"JUSTIFY\" style=\"text-align: left;\">Valutazione della sessione e follow-up: scambi su sensazioni e metodi di pratica a casa, invio della tecnica registrata e\/o della scheda descrittiva su carta).<\/li>\n<\/ol>\n<p>[\/et_pb_text][et_pb_text _builder_version=&#8221;4.23.1&#8243; _module_preset=&#8221;default&#8221; hover_enabled=&#8221;0&#8243; global_colors_info=&#8221;{}&#8221; theme_builder_area=&#8221;post_content&#8221; sticky_enabled=&#8221;0&#8243;]<\/p>\n<h3>Per andare oltre<\/h3>\n<ul>\n<li><strong><a href=\"https:\/\/www.editions-bergame.com\/produit\/amour-et-sclerose\/\" target=\"_blank\" rel=\"noopener\">Amore e sclerosi<\/a> &#8211; Anne Boulon Lef\u00e8vre<\/strong> <em>Edizioni Bergamo 2021<\/em><\/li>\n<li><strong>Nicolas Ragot<\/strong>,<em> Vire, integrazione psico-sensoriale-motoria, un approccio dolce al corpo <\/em><em><br \/>\n  <a href=\"http:\/\/www.sans-forme-ni-chemin.com\/\">http:\/\/www.sans-forme-ni-chemin.com\/<\/a><br \/>\n  <br \/>\n<\/em><em><\/em><\/li>\n<li><em><a href=\"https:\/\/youtube.com\/@ipsmintegrationpsycho-sens49\">https:\/\/youtube.com\/@ipsmintegrationpsycho-sens49<\/a><\/em><em><\/em><\/li>\n<li><em>https:\/\/youtube.com\/@sansformenichemin476<\/em><\/li>\n<\/ul>\n<p>[\/et_pb_text][\/et_pb_column][\/et_pb_row][\/et_pb_section][et_pb_section fb_built=&#8221;1&#8243; admin_label=&#8221;Free Coaching Resources&#8221; _builder_version=&#8221;4.20.0&#8243; background_color=&#8221;rgba(242,242,242,0.37)&#8221; background_color_gradient_direction=&#8221;5deg&#8221; custom_padding=&#8221;30px|0px|0|0px|false|false&#8221; bottom_divider_color=&#8221;#B6A48D&#8221; bottom_divider_height=&#8221;484px&#8221; bottom_divider_flip=&#8221;horizontal&#8221; global_module=&#8221;231611&#8243; saved_tabs=&#8221;all&#8221; global_colors_info=&#8221;{%22gcid-7d181664-2bfd-4f66-92f9-bd3ecd0569aa%22:%91%22bottom_divider_color%22%93}&#8221; theme_builder_area=&#8221;post_content&#8221;][et_pb_row _builder_version=&#8221;4.19.0&#8243; global_colors_info=&#8221;{}&#8221; theme_builder_area=&#8221;post_content&#8221;][et_pb_column type=&#8221;4_4&#8243; _builder_version=&#8221;4.16&#8243; custom_padding=&#8221;|||&#8221; global_colors_info=&#8221;{}&#8221; custom_padding__hover=&#8221;|||&#8221; theme_builder_area=&#8221;post_content&#8221;][et_pb_text admin_label=&#8221;Title&#8221; _builder_version=&#8221;4.20.0&#8243; header_2_text_color=&#8221;#1D1D1F&#8221; header_3_text_color=&#8221;#24435E&#8221; custom_margin=&#8221;||-1px|||&#8221; global_colors_info=&#8221;{%22gcid-1e8fc188-2562-4d1d-893a-bbdce94c3ec8%22:%91%22header_3_text_color%22%93}&#8221; theme_builder_area=&#8221;post_content&#8221;]<\/p>\n<h2>I miei ultimi articoli<\/h2>\n<p>[\/et_pb_text][et_pb_divider color=&#8221;gcid-69573b12-119a-4215-b6bb-d6eb4191e686&#8243; divider_weight=&#8221;2px&#8221; _builder_version=&#8221;4.20.0&#8243; width=&#8221;130px&#8221; width_tablet=&#8221;&#8221; width_phone=&#8221;&#8221; width_last_edited=&#8221;on|desktop&#8221; custom_margin=&#8221;||0px||false|false&#8221; custom_padding=&#8221;||0px||false|false&#8221; global_colors_info=&#8221;{%22gcid-69573b12-119a-4215-b6bb-d6eb4191e686%22:%91%22color%22%93}&#8221; theme_builder_area=&#8221;post_content&#8221;][\/et_pb_divider][et_pb_blog fullwidth=&#8221;off&#8221; posts_number=&#8221;3&#8243; include_categories=&#8221;all&#8221; meta_date=&#8221;j F Y&#8221; excerpt_length=&#8221;200&#8243; show_author=&#8221;off&#8221; show_categories=&#8221;off&#8221; show_pagination=&#8221;off&#8221; masonry_tile_background_color=&#8221;#ffffff&#8221; _builder_version=&#8221;4.20.0&#8243; header_level=&#8221;h5&#8243; header_font=&#8221;||||||||&#8221; header_text_color=&#8221;gcid-a0fc7e00-7cf9-4645-9a9d-3cdeb0bf36eb&#8221; header_font_size=&#8221;26px&#8221; header_line_height=&#8221;1.4em&#8221; body_font=&#8221;||||||||&#8221; meta_font=&#8221;||||||||&#8221; meta_text_color=&#8221;gcid-99880e86-555a-4ebb-aa2c-8f77aa229237&#8243; pagination_font=&#8221;Montserrat|||||on|||&#8221; pagination_text_color=&#8221;#7f8dff&#8221; pagination_font_size=&#8221;19px&#8221; custom_margin=&#8221;41px|||||&#8221; border_radii=&#8221;on|10px|10px|10px|10px&#8221; border_width_all=&#8221;0px&#8221; border_color_bottom_image=&#8221;#89A53D&#8221; box_shadow_style=&#8221;preset3&#8243; box_shadow_color=&#8221;rgba(0,0,0,0.37)&#8221; global_colors_info=&#8221;{%22gcid-b16e5b9b-902b-4fcb-8279-78fa0196b5ae%22:%91%22border_color_bottom_image%22%93,%22gcid-a0fc7e00-7cf9-4645-9a9d-3cdeb0bf36eb%22:%91%22header_text_color%22%93,%22gcid-99880e86-555a-4ebb-aa2c-8f77aa229237%22:%91%22meta_text_color%22%93}&#8221; theme_builder_area=&#8221;post_content&#8221;][\/et_pb_blog][\/et_pb_column][\/et_pb_row][\/et_pb_section]<\/p>\n","protected":false},"excerpt":{"rendered":"<p>Soffrite di ansia Il livello di stress influisce sul benessere, sulla frequenza e sull&#8217;intensit\u00e0 delle infiammazioni. Difficolt\u00e0 di concentrazione e disturbi sensoriali interferiscono con la vita quotidiana Volete vedere le cose in modo diversoImmaginate che a poco a poco&#8230;con la pratica della sofrologia* : Le riacutizzazioni diventano meno frequenti e meno gravi Si (ri)trova la [&hellip;]<\/p>\n","protected":false},"author":1,"featured_media":233908,"parent":0,"menu_order":0,"comment_status":"closed","ping_status":"closed","template":"","meta":{"_et_pb_use_builder":"on","_et_pb_old_content":"","_et_gb_content_width":"","footnotes":""},"class_list":["post-233918","page","type-page","status-publish","has-post-thumbnail","hentry"],"yoast_head":"<!-- This site is optimized with the Yoast SEO plugin v27.6 - https:\/\/yoast.com\/product\/yoast-seo-wordpress\/ -->\n<title>Vivere meglio con la sclerosi multipla - Anne Boulon Lef\u00e8vre<\/title>\n<meta name=\"robots\" content=\"index, follow, max-snippet:-1, max-image-preview:large, max-video-preview:-1\" \/>\n<link rel=\"canonical\" href=\"https:\/\/sophro-bocage.fr\/it\/vivere-meglio-con-la-sclerosi-multipla\/\" \/>\n<meta property=\"og:locale\" content=\"it_IT\" \/>\n<meta property=\"og:type\" content=\"article\" \/>\n<meta property=\"og:title\" content=\"Vivere meglio con la sclerosi multipla - Anne Boulon Lef\u00e8vre\" \/>\n<meta property=\"og:description\" content=\"Soffrite di ansia Il livello di stress influisce sul benessere, sulla frequenza e sull&#039;intensit\u00e0 delle infiammazioni. Difficolt\u00e0 di concentrazione e disturbi sensoriali interferiscono con la vita quotidiana Volete vedere le cose in modo diversoImmaginate che a poco a poco...con la pratica della sofrologia* : Le riacutizzazioni diventano meno frequenti e meno gravi Si (ri)trova la [&hellip;]\" \/>\n<meta property=\"og:url\" content=\"https:\/\/sophro-bocage.fr\/it\/vivere-meglio-con-la-sclerosi-multipla\/\" \/>\n<meta property=\"og:site_name\" content=\"Anne Boulon Lef\u00e8vre\" \/>\n<meta property=\"article:modified_time\" content=\"2023-11-21T17:28:58+00:00\" \/>\n<meta property=\"og:image\" content=\"https:\/\/sophro-bocage.fr\/wp-content\/uploads\/2023\/03\/stress-femme.jpg\" \/>\n\t<meta property=\"og:image:width\" content=\"1920\" \/>\n\t<meta property=\"og:image:height\" content=\"1080\" \/>\n\t<meta property=\"og:image:type\" content=\"image\/jpeg\" \/>\n<meta name=\"twitter:card\" content=\"summary_large_image\" \/>\n<meta name=\"twitter:label1\" content=\"Tempo di lettura stimato\" \/>\n\t<meta name=\"twitter:data1\" content=\"5 minuti\" \/>\n<script type=\"application\/ld+json\" class=\"yoast-schema-graph\">{\"@context\":\"https:\\\/\\\/schema.org\",\"@graph\":[{\"@type\":\"WebPage\",\"@id\":\"https:\\\/\\\/sophro-bocage.fr\\\/it\\\/vivere-meglio-con-la-sclerosi-multipla\\\/\",\"url\":\"https:\\\/\\\/sophro-bocage.fr\\\/it\\\/vivere-meglio-con-la-sclerosi-multipla\\\/\",\"name\":\"Vivere meglio con la sclerosi multipla - Anne Boulon Lef\u00e8vre\",\"isPartOf\":{\"@id\":\"https:\\\/\\\/sophro-bocage.fr\\\/it\\\/#website\"},\"primaryImageOfPage\":{\"@id\":\"https:\\\/\\\/sophro-bocage.fr\\\/it\\\/vivere-meglio-con-la-sclerosi-multipla\\\/#primaryimage\"},\"image\":{\"@id\":\"https:\\\/\\\/sophro-bocage.fr\\\/it\\\/vivere-meglio-con-la-sclerosi-multipla\\\/#primaryimage\"},\"thumbnailUrl\":\"https:\\\/\\\/sophro-bocage.fr\\\/wp-content\\\/uploads\\\/2023\\\/03\\\/stress-femme.jpg\",\"datePublished\":\"2021-07-05T15:23:50+00:00\",\"dateModified\":\"2023-11-21T17:28:58+00:00\",\"breadcrumb\":{\"@id\":\"https:\\\/\\\/sophro-bocage.fr\\\/it\\\/vivere-meglio-con-la-sclerosi-multipla\\\/#breadcrumb\"},\"inLanguage\":\"it-IT\",\"potentialAction\":[{\"@type\":\"ReadAction\",\"target\":[\"https:\\\/\\\/sophro-bocage.fr\\\/it\\\/vivere-meglio-con-la-sclerosi-multipla\\\/\"]}]},{\"@type\":\"ImageObject\",\"inLanguage\":\"it-IT\",\"@id\":\"https:\\\/\\\/sophro-bocage.fr\\\/it\\\/vivere-meglio-con-la-sclerosi-multipla\\\/#primaryimage\",\"url\":\"https:\\\/\\\/sophro-bocage.fr\\\/wp-content\\\/uploads\\\/2023\\\/03\\\/stress-femme.jpg\",\"contentUrl\":\"https:\\\/\\\/sophro-bocage.fr\\\/wp-content\\\/uploads\\\/2023\\\/03\\\/stress-femme.jpg\",\"width\":1920,\"height\":1080},{\"@type\":\"BreadcrumbList\",\"@id\":\"https:\\\/\\\/sophro-bocage.fr\\\/it\\\/vivere-meglio-con-la-sclerosi-multipla\\\/#breadcrumb\",\"itemListElement\":[{\"@type\":\"ListItem\",\"position\":1,\"name\":\"Accueil\",\"item\":\"https:\\\/\\\/sophro-bocage.fr\\\/it\\\/\"},{\"@type\":\"ListItem\",\"position\":2,\"name\":\"Vivere meglio con la sclerosi multipla\"}]},{\"@type\":\"WebSite\",\"@id\":\"https:\\\/\\\/sophro-bocage.fr\\\/it\\\/#website\",\"url\":\"https:\\\/\\\/sophro-bocage.fr\\\/it\\\/\",\"name\":\"Anne Boulon Lef\u00e8vre\",\"description\":\"\",\"publisher\":{\"@id\":\"https:\\\/\\\/sophro-bocage.fr\\\/it\\\/#\\\/schema\\\/person\\\/7b0aa2fcff52f47ccedc01021a9f7640\"},\"potentialAction\":[{\"@type\":\"SearchAction\",\"target\":{\"@type\":\"EntryPoint\",\"urlTemplate\":\"https:\\\/\\\/sophro-bocage.fr\\\/it\\\/?s={search_term_string}\"},\"query-input\":{\"@type\":\"PropertyValueSpecification\",\"valueRequired\":true,\"valueName\":\"search_term_string\"}}],\"inLanguage\":\"it-IT\"},{\"@type\":[\"Person\",\"Organization\"],\"@id\":\"https:\\\/\\\/sophro-bocage.fr\\\/it\\\/#\\\/schema\\\/person\\\/7b0aa2fcff52f47ccedc01021a9f7640\",\"name\":\"AnneB\",\"image\":{\"@type\":\"ImageObject\",\"inLanguage\":\"it-IT\",\"@id\":\"https:\\\/\\\/sophro-bocage.fr\\\/wp-content\\\/uploads\\\/2023\\\/03\\\/flower-fleur-2.png\",\"url\":\"https:\\\/\\\/sophro-bocage.fr\\\/wp-content\\\/uploads\\\/2023\\\/03\\\/flower-fleur-2.png\",\"contentUrl\":\"https:\\\/\\\/sophro-bocage.fr\\\/wp-content\\\/uploads\\\/2023\\\/03\\\/flower-fleur-2.png\",\"width\":500,\"height\":500,\"caption\":\"AnneB\"},\"logo\":{\"@id\":\"https:\\\/\\\/sophro-bocage.fr\\\/wp-content\\\/uploads\\\/2023\\\/03\\\/flower-fleur-2.png\"}}]}<\/script>\n<!-- \/ Yoast SEO plugin. -->","yoast_head_json":{"title":"Vivere meglio con la sclerosi multipla - Anne Boulon Lef\u00e8vre","robots":{"index":"index","follow":"follow","max-snippet":"max-snippet:-1","max-image-preview":"max-image-preview:large","max-video-preview":"max-video-preview:-1"},"canonical":"https:\/\/sophro-bocage.fr\/it\/vivere-meglio-con-la-sclerosi-multipla\/","og_locale":"it_IT","og_type":"article","og_title":"Vivere meglio con la sclerosi multipla - Anne Boulon Lef\u00e8vre","og_description":"Soffrite di ansia Il livello di stress influisce sul benessere, sulla frequenza e sull'intensit\u00e0 delle infiammazioni. Difficolt\u00e0 di concentrazione e disturbi sensoriali interferiscono con la vita quotidiana Volete vedere le cose in modo diversoImmaginate che a poco a poco...con la pratica della sofrologia* : Le riacutizzazioni diventano meno frequenti e meno gravi Si (ri)trova la [&hellip;]","og_url":"https:\/\/sophro-bocage.fr\/it\/vivere-meglio-con-la-sclerosi-multipla\/","og_site_name":"Anne Boulon Lef\u00e8vre","article_modified_time":"2023-11-21T17:28:58+00:00","og_image":[{"width":1920,"height":1080,"url":"https:\/\/sophro-bocage.fr\/wp-content\/uploads\/2023\/03\/stress-femme.jpg","type":"image\/jpeg"}],"twitter_card":"summary_large_image","twitter_misc":{"Tempo di lettura stimato":"5 minuti"},"schema":{"@context":"https:\/\/schema.org","@graph":[{"@type":"WebPage","@id":"https:\/\/sophro-bocage.fr\/it\/vivere-meglio-con-la-sclerosi-multipla\/","url":"https:\/\/sophro-bocage.fr\/it\/vivere-meglio-con-la-sclerosi-multipla\/","name":"Vivere meglio con la sclerosi multipla - Anne Boulon Lef\u00e8vre","isPartOf":{"@id":"https:\/\/sophro-bocage.fr\/it\/#website"},"primaryImageOfPage":{"@id":"https:\/\/sophro-bocage.fr\/it\/vivere-meglio-con-la-sclerosi-multipla\/#primaryimage"},"image":{"@id":"https:\/\/sophro-bocage.fr\/it\/vivere-meglio-con-la-sclerosi-multipla\/#primaryimage"},"thumbnailUrl":"https:\/\/sophro-bocage.fr\/wp-content\/uploads\/2023\/03\/stress-femme.jpg","datePublished":"2021-07-05T15:23:50+00:00","dateModified":"2023-11-21T17:28:58+00:00","breadcrumb":{"@id":"https:\/\/sophro-bocage.fr\/it\/vivere-meglio-con-la-sclerosi-multipla\/#breadcrumb"},"inLanguage":"it-IT","potentialAction":[{"@type":"ReadAction","target":["https:\/\/sophro-bocage.fr\/it\/vivere-meglio-con-la-sclerosi-multipla\/"]}]},{"@type":"ImageObject","inLanguage":"it-IT","@id":"https:\/\/sophro-bocage.fr\/it\/vivere-meglio-con-la-sclerosi-multipla\/#primaryimage","url":"https:\/\/sophro-bocage.fr\/wp-content\/uploads\/2023\/03\/stress-femme.jpg","contentUrl":"https:\/\/sophro-bocage.fr\/wp-content\/uploads\/2023\/03\/stress-femme.jpg","width":1920,"height":1080},{"@type":"BreadcrumbList","@id":"https:\/\/sophro-bocage.fr\/it\/vivere-meglio-con-la-sclerosi-multipla\/#breadcrumb","itemListElement":[{"@type":"ListItem","position":1,"name":"Accueil","item":"https:\/\/sophro-bocage.fr\/it\/"},{"@type":"ListItem","position":2,"name":"Vivere meglio con la sclerosi multipla"}]},{"@type":"WebSite","@id":"https:\/\/sophro-bocage.fr\/it\/#website","url":"https:\/\/sophro-bocage.fr\/it\/","name":"Anne Boulon Lef\u00e8vre","description":"","publisher":{"@id":"https:\/\/sophro-bocage.fr\/it\/#\/schema\/person\/7b0aa2fcff52f47ccedc01021a9f7640"},"potentialAction":[{"@type":"SearchAction","target":{"@type":"EntryPoint","urlTemplate":"https:\/\/sophro-bocage.fr\/it\/?s={search_term_string}"},"query-input":{"@type":"PropertyValueSpecification","valueRequired":true,"valueName":"search_term_string"}}],"inLanguage":"it-IT"},{"@type":["Person","Organization"],"@id":"https:\/\/sophro-bocage.fr\/it\/#\/schema\/person\/7b0aa2fcff52f47ccedc01021a9f7640","name":"AnneB","image":{"@type":"ImageObject","inLanguage":"it-IT","@id":"https:\/\/sophro-bocage.fr\/wp-content\/uploads\/2023\/03\/flower-fleur-2.png","url":"https:\/\/sophro-bocage.fr\/wp-content\/uploads\/2023\/03\/flower-fleur-2.png","contentUrl":"https:\/\/sophro-bocage.fr\/wp-content\/uploads\/2023\/03\/flower-fleur-2.png","width":500,"height":500,"caption":"AnneB"},"logo":{"@id":"https:\/\/sophro-bocage.fr\/wp-content\/uploads\/2023\/03\/flower-fleur-2.png"}}]}},"_links":{"self":[{"href":"https:\/\/sophro-bocage.fr\/it\/wp-json\/wp\/v2\/pages\/233918","targetHints":{"allow":["GET"]}}],"collection":[{"href":"https:\/\/sophro-bocage.fr\/it\/wp-json\/wp\/v2\/pages"}],"about":[{"href":"https:\/\/sophro-bocage.fr\/it\/wp-json\/wp\/v2\/types\/page"}],"author":[{"embeddable":true,"href":"https:\/\/sophro-bocage.fr\/it\/wp-json\/wp\/v2\/users\/1"}],"replies":[{"embeddable":true,"href":"https:\/\/sophro-bocage.fr\/it\/wp-json\/wp\/v2\/comments?post=233918"}],"version-history":[{"count":5,"href":"https:\/\/sophro-bocage.fr\/it\/wp-json\/wp\/v2\/pages\/233918\/revisions"}],"predecessor-version":[{"id":234142,"href":"https:\/\/sophro-bocage.fr\/it\/wp-json\/wp\/v2\/pages\/233918\/revisions\/234142"}],"wp:featuredmedia":[{"embeddable":true,"href":"https:\/\/sophro-bocage.fr\/it\/wp-json\/wp\/v2\/media\/233908"}],"wp:attachment":[{"href":"https:\/\/sophro-bocage.fr\/it\/wp-json\/wp\/v2\/media?parent=233918"}],"curies":[{"name":"wp","href":"https:\/\/api.w.org\/{rel}","templated":true}]}}